{"id":447,"date":"2021-03-17T22:22:47","date_gmt":"2021-03-17T22:22:47","guid":{"rendered":"http:\/\/web.quimicosypolimeros.com\/product\/retardador-a\/"},"modified":"2022-12-21T19:32:50","modified_gmt":"2022-12-21T19:32:50","slug":"retardador-a","status":"publish","type":"product","link":"https:\/\/www.quimicosypolimeros.com\/en\/product\/retardador-a\/","title":{"rendered":"A Retarder"},"content":{"rendered":"<p>Phthalic anhydride. Used for both natural and synthetic rubber in the presence of low-cost basic-type accelerators with a tendency to pre-vulcanize, especially for short vulcanization cycles.<\/p>","protected":false},"excerpt":{"rendered":"<p>Prevents the pre-vulcanization of rubber without affecting the curing rate. Easily dispersible. \nContainer: 30 Kg Sack<\/p>","protected":false},"featured_media":664,"comment_status":"closed","ping_status":"closed","template":"","meta":{"_monsterinsights_skip_tracking":false,"_monsterinsights_sitenote_active":false,"_monsterinsights_sitenote_note":"","_monsterinsights_sitenote_category":0},"product_brand":[],"product_cat":[107],"product_tag":[],"class_list":{"0":"post-447","1":"product","2":"type-product","3":"status-publish","4":"has-post-thumbnail","6":"product_cat-retardador","8":"first","9":"instock","10":"shipping-taxable","11":"product-type-simple"},"yoast_head":"<!-- This site is optimized with the Yoast SEO plugin v27.3 - https:\/\/yoast.com\/product\/yoast-seo-wordpress\/ -->\n<title>Retardador A - Qu\u00edmicos y Pol\u00edmeros Corporation S.A. de C.V.\u00ae<\/title>\n<meta name=\"robots\" content=\"index, follow, max-snippet:-1, max-image-preview:large, max-video-preview:-1\" \/>\n<link rel=\"canonical\" href=\"https:\/\/www.quimicosypolimeros.com\/en\/product\/retardador-a\/\" \/>\n<meta property=\"og:locale\" content=\"en_US\" \/>\n<meta property=\"og:type\" content=\"article\" \/>\n<meta property=\"og:title\" content=\"Retardador A - Qu\u00edmicos y Pol\u00edmeros Corporation S.A. de C.V.\u00ae\" \/>\n<meta property=\"og:description\" content=\"Retardante. Evita la pre- vulcanizaci\u00f3n del hule sin afectar la velocidad de curado. F\u00e1cilmente dispersable. Presentaci\u00f3n: saco de 30 Kg\" \/>\n<meta property=\"og:url\" content=\"https:\/\/www.quimicosypolimeros.com\/en\/product\/retardador-a\/\" \/>\n<meta property=\"og:site_name\" content=\"Qu\u00edmicos y Pol\u00edmeros Corporation S.A. de C.V.\u00ae\" \/>\n<meta property=\"article:publisher\" content=\"https:\/\/www.facebook.com\/quimicosypolimeros\" \/>\n<meta property=\"article:modified_time\" content=\"2022-12-21T19:32:50+00:00\" \/>\n<meta property=\"og:image\" content=\"https:\/\/www.quimicosypolimeros.com\/wp-content\/uploads\/2021\/03\/CECAN029MA13-scaled.jpg\" \/>\n\t<meta property=\"og:image:width\" content=\"2560\" \/>\n\t<meta property=\"og:image:height\" content=\"1789\" \/>\n\t<meta property=\"og:image:type\" content=\"image\/jpeg\" \/>\n<meta name=\"twitter:card\" content=\"summary_large_image\" \/>\n<script type=\"application\/ld+json\" class=\"yoast-schema-graph\">{\"@context\":\"https:\\\/\\\/schema.org\",\"@graph\":[{\"@type\":\"WebPage\",\"@id\":\"https:\\\/\\\/www.quimicosypolimeros.com\\\/producto\\\/retardador-a\\\/\",\"url\":\"https:\\\/\\\/www.quimicosypolimeros.com\\\/producto\\\/retardador-a\\\/\",\"name\":\"Retardador A - Qu\u00edmicos y Pol\u00edmeros Corporation S.A. de C.V.\u00ae\",\"isPartOf\":{\"@id\":\"https:\\\/\\\/www.quimicosypolimeros.com\\\/#website\"},\"primaryImageOfPage\":{\"@id\":\"https:\\\/\\\/www.quimicosypolimeros.com\\\/producto\\\/retardador-a\\\/#primaryimage\"},\"image\":{\"@id\":\"https:\\\/\\\/www.quimicosypolimeros.com\\\/producto\\\/retardador-a\\\/#primaryimage\"},\"thumbnailUrl\":\"https:\\\/\\\/www.quimicosypolimeros.com\\\/wp-content\\\/uploads\\\/2021\\\/03\\\/CECAN029MA13-scaled.jpg\",\"datePublished\":\"2021-03-17T22:22:47+00:00\",\"dateModified\":\"2022-12-21T19:32:50+00:00\",\"breadcrumb\":{\"@id\":\"https:\\\/\\\/www.quimicosypolimeros.com\\\/producto\\\/retardador-a\\\/#breadcrumb\"},\"inLanguage\":\"en-US\",\"potentialAction\":[{\"@type\":\"ReadAction\",\"target\":[\"https:\\\/\\\/www.quimicosypolimeros.com\\\/producto\\\/retardador-a\\\/\"]}]},{\"@type\":\"ImageObject\",\"inLanguage\":\"en-US\",\"@id\":\"https:\\\/\\\/www.quimicosypolimeros.com\\\/producto\\\/retardador-a\\\/#primaryimage\",\"url\":\"https:\\\/\\\/www.quimicosypolimeros.com\\\/wp-content\\\/uploads\\\/2021\\\/03\\\/CECAN029MA13-scaled.jpg\",\"contentUrl\":\"https:\\\/\\\/www.quimicosypolimeros.com\\\/wp-content\\\/uploads\\\/2021\\\/03\\\/CECAN029MA13-scaled.jpg\",\"width\":2560,\"height\":1789},{\"@type\":\"BreadcrumbList\",\"@id\":\"https:\\\/\\\/www.quimicosypolimeros.com\\\/producto\\\/retardador-a\\\/#breadcrumb\",\"itemListElement\":[{\"@type\":\"ListItem\",\"position\":1,\"name\":\"Inicio\",\"item\":\"https:\\\/\\\/www.quimicosypolimeros.com\\\/\"},{\"@type\":\"ListItem\",\"position\":2,\"name\":\"Tienda\",\"item\":\"https:\\\/\\\/www.quimicosypolimeros.com\\\/tienda\\\/\"},{\"@type\":\"ListItem\",\"position\":3,\"name\":\"Retardador A\"}]},{\"@type\":\"WebSite\",\"@id\":\"https:\\\/\\\/www.quimicosypolimeros.com\\\/#website\",\"url\":\"https:\\\/\\\/www.quimicosypolimeros.com\\\/\",\"name\":\"Qu\u00edmicos y Pol\u00edmeros Corporation S.A. de C.V.\u00ae\",\"description\":\"\",\"publisher\":{\"@id\":\"https:\\\/\\\/www.quimicosypolimeros.com\\\/#organization\"},\"potentialAction\":[{\"@type\":\"SearchAction\",\"target\":{\"@type\":\"EntryPoint\",\"urlTemplate\":\"https:\\\/\\\/www.quimicosypolimeros.com\\\/?s={search_term_string}\"},\"query-input\":{\"@type\":\"PropertyValueSpecification\",\"valueRequired\":true,\"valueName\":\"search_term_string\"}}],\"inLanguage\":\"en-US\"},{\"@type\":\"Organization\",\"@id\":\"https:\\\/\\\/www.quimicosypolimeros.com\\\/#organization\",\"name\":\"Quimicos y Polimeros\",\"url\":\"https:\\\/\\\/www.quimicosypolimeros.com\\\/\",\"logo\":{\"@type\":\"ImageObject\",\"inLanguage\":\"en-US\",\"@id\":\"https:\\\/\\\/www.quimicosypolimeros.com\\\/#\\\/schema\\\/logo\\\/image\\\/\",\"url\":\"https:\\\/\\\/www.quimicosypolimeros.com\\\/wp-content\\\/uploads\\\/2021\\\/03\\\/cropped-PSULP8001DR07-scaled-1.jpg\",\"contentUrl\":\"https:\\\/\\\/www.quimicosypolimeros.com\\\/wp-content\\\/uploads\\\/2021\\\/03\\\/cropped-PSULP8001DR07-scaled-1.jpg\",\"width\":512,\"height\":512,\"caption\":\"Quimicos y Polimeros\"},\"image\":{\"@id\":\"https:\\\/\\\/www.quimicosypolimeros.com\\\/#\\\/schema\\\/logo\\\/image\\\/\"},\"sameAs\":[\"https:\\\/\\\/www.facebook.com\\\/quimicosypolimeros\",\"https:\\\/\\\/www.instagram.com\\\/quimicosypolimeros\\\/\",\"https:\\\/\\\/www.linkedin.com\\\/company\\\/quimicosypolimeroscorporation\",\"https:\\\/\\\/www.youtube.com\\\/channel\\\/UCYszrBcfRxbZIHbkLuHN_1A\"]}]}<\/script>\n<!-- \/ Yoast SEO plugin. -->","yoast_head_json":{"title":"Retardador A - Qu\u00edmicos y Pol\u00edmeros Corporation S.A. de C.V.\u00ae","robots":{"index":"index","follow":"follow","max-snippet":"max-snippet:-1","max-image-preview":"max-image-preview:large","max-video-preview":"max-video-preview:-1"},"canonical":"https:\/\/www.quimicosypolimeros.com\/en\/product\/retardador-a\/","og_locale":"en_US","og_type":"article","og_title":"Retardador A - Qu\u00edmicos y Pol\u00edmeros Corporation S.A. de C.V.\u00ae","og_description":"Retardante. Evita la pre- vulcanizaci\u00f3n del hule sin afectar la velocidad de curado. F\u00e1cilmente dispersable. Presentaci\u00f3n: saco de 30 Kg","og_url":"https:\/\/www.quimicosypolimeros.com\/en\/product\/retardador-a\/","og_site_name":"Qu\u00edmicos y Pol\u00edmeros Corporation S.A. de C.V.\u00ae","article_publisher":"https:\/\/www.facebook.com\/quimicosypolimeros","article_modified_time":"2022-12-21T19:32:50+00:00","og_image":[{"width":2560,"height":1789,"url":"https:\/\/www.quimicosypolimeros.com\/wp-content\/uploads\/2021\/03\/CECAN029MA13-scaled.jpg","type":"image\/jpeg"}],"twitter_card":"summary_large_image","schema":{"@context":"https:\/\/schema.org","@graph":[{"@type":"WebPage","@id":"https:\/\/www.quimicosypolimeros.com\/producto\/retardador-a\/","url":"https:\/\/www.quimicosypolimeros.com\/producto\/retardador-a\/","name":"Retardador A - Qu\u00edmicos y Pol\u00edmeros Corporation S.A. de C.V.\u00ae","isPartOf":{"@id":"https:\/\/www.quimicosypolimeros.com\/#website"},"primaryImageOfPage":{"@id":"https:\/\/www.quimicosypolimeros.com\/producto\/retardador-a\/#primaryimage"},"image":{"@id":"https:\/\/www.quimicosypolimeros.com\/producto\/retardador-a\/#primaryimage"},"thumbnailUrl":"https:\/\/www.quimicosypolimeros.com\/wp-content\/uploads\/2021\/03\/CECAN029MA13-scaled.jpg","datePublished":"2021-03-17T22:22:47+00:00","dateModified":"2022-12-21T19:32:50+00:00","breadcrumb":{"@id":"https:\/\/www.quimicosypolimeros.com\/producto\/retardador-a\/#breadcrumb"},"inLanguage":"en-US","potentialAction":[{"@type":"ReadAction","target":["https:\/\/www.quimicosypolimeros.com\/producto\/retardador-a\/"]}]},{"@type":"ImageObject","inLanguage":"en-US","@id":"https:\/\/www.quimicosypolimeros.com\/producto\/retardador-a\/#primaryimage","url":"https:\/\/www.quimicosypolimeros.com\/wp-content\/uploads\/2021\/03\/CECAN029MA13-scaled.jpg","contentUrl":"https:\/\/www.quimicosypolimeros.com\/wp-content\/uploads\/2021\/03\/CECAN029MA13-scaled.jpg","width":2560,"height":1789},{"@type":"BreadcrumbList","@id":"https:\/\/www.quimicosypolimeros.com\/producto\/retardador-a\/#breadcrumb","itemListElement":[{"@type":"ListItem","position":1,"name":"Inicio","item":"https:\/\/www.quimicosypolimeros.com\/"},{"@type":"ListItem","position":2,"name":"Tienda","item":"https:\/\/www.quimicosypolimeros.com\/tienda\/"},{"@type":"ListItem","position":3,"name":"Retardador A"}]},{"@type":"WebSite","@id":"https:\/\/www.quimicosypolimeros.com\/#website","url":"https:\/\/www.quimicosypolimeros.com\/","name":"Qu\u00edmicos y Pol\u00edmeros Corporation S.A. de C.V.\u00ae","description":"","publisher":{"@id":"https:\/\/www.quimicosypolimeros.com\/#organization"},"potentialAction":[{"@type":"SearchAction","target":{"@type":"EntryPoint","urlTemplate":"https:\/\/www.quimicosypolimeros.com\/?s={search_term_string}"},"query-input":{"@type":"PropertyValueSpecification","valueRequired":true,"valueName":"search_term_string"}}],"inLanguage":"en-US"},{"@type":"Organization","@id":"https:\/\/www.quimicosypolimeros.com\/#organization","name":"Quimicos y Polimeros","url":"https:\/\/www.quimicosypolimeros.com\/","logo":{"@type":"ImageObject","inLanguage":"en-US","@id":"https:\/\/www.quimicosypolimeros.com\/#\/schema\/logo\/image\/","url":"https:\/\/www.quimicosypolimeros.com\/wp-content\/uploads\/2021\/03\/cropped-PSULP8001DR07-scaled-1.jpg","contentUrl":"https:\/\/www.quimicosypolimeros.com\/wp-content\/uploads\/2021\/03\/cropped-PSULP8001DR07-scaled-1.jpg","width":512,"height":512,"caption":"Quimicos y Polimeros"},"image":{"@id":"https:\/\/www.quimicosypolimeros.com\/#\/schema\/logo\/image\/"},"sameAs":["https:\/\/www.facebook.com\/quimicosypolimeros","https:\/\/www.instagram.com\/quimicosypolimeros\/","https:\/\/www.linkedin.com\/company\/quimicosypolimeroscorporation","https:\/\/www.youtube.com\/channel\/UCYszrBcfRxbZIHbkLuHN_1A"]}]}},"_links":{"self":[{"href":"https:\/\/www.quimicosypolimeros.com\/en\/wp-json\/wp\/v2\/product\/447","targetHints":{"allow":["GET"]}}],"collection":[{"href":"https:\/\/www.quimicosypolimeros.com\/en\/wp-json\/wp\/v2\/product"}],"about":[{"href":"https:\/\/www.quimicosypolimeros.com\/en\/wp-json\/wp\/v2\/types\/product"}],"replies":[{"embeddable":true,"href":"https:\/\/www.quimicosypolimeros.com\/en\/wp-json\/wp\/v2\/comments?post=447"}],"wp:featuredmedia":[{"embeddable":true,"href":"https:\/\/www.quimicosypolimeros.com\/en\/wp-json\/wp\/v2\/media\/664"}],"wp:attachment":[{"href":"https:\/\/www.quimicosypolimeros.com\/en\/wp-json\/wp\/v2\/media?parent=447"}],"wp:term":[{"taxonomy":"product_brand","embeddable":true,"href":"https:\/\/www.quimicosypolimeros.com\/en\/wp-json\/wp\/v2\/product_brand?post=447"},{"taxonomy":"product_cat","embeddable":true,"href":"https:\/\/www.quimicosypolimeros.com\/en\/wp-json\/wp\/v2\/product_cat?post=447"},{"taxonomy":"product_tag","embeddable":true,"href":"https:\/\/www.quimicosypolimeros.com\/en\/wp-json\/wp\/v2\/product_tag?post=447"}],"curies":[{"name":"wp","href":"https:\/\/api.w.org\/{rel}","templated":true}]}}