{"id":2099,"date":"2025-06-30T22:36:36","date_gmt":"2025-06-30T22:36:36","guid":{"rendered":"https:\/\/www.quimicosypolimeros.com\/?post_type=product&#038;p=2099"},"modified":"2025-06-30T22:40:59","modified_gmt":"2025-06-30T22:40:59","slug":"resina-hidrocarbonada-c5","status":"publish","type":"product","link":"https:\/\/www.quimicosypolimeros.com\/en\/product\/resina-hidrocarbonada-c5\/","title":{"rendered":"Resina Hidrocarbonada C5"},"content":{"rendered":"<p class=\"p1\">Resina obtenida a partir de la polimerizaci\u00f3n catal\u00edtica de fracciones C5. Solido granular resistente al agua con buena estabilidad ante \u00e1cidos o \u00e1lcalis, buen aislante y baja conducci\u00f3n de calor, ampliamente en la formulaci\u00f3n de adhesivos.<\/p>","protected":false},"excerpt":{"rendered":"<p class=\"p1\">Resina obtenida a partir de la polimerizaci\u00f3n catal\u00edtica de fracciones C5. Solido granular resistente al agua con buena estabilidad ante \u00e1cidos o \u00e1lcalis, buen aislante y baja conducci\u00f3n de calor, ampliamente en la formulaci\u00f3n de adhesivos.<\/p>","protected":false},"featured_media":2100,"comment_status":"open","ping_status":"closed","template":"","meta":{"_monsterinsights_skip_tracking":false,"_monsterinsights_sitenote_active":false,"_monsterinsights_sitenote_note":"","_monsterinsights_sitenote_category":0},"product_brand":[],"product_cat":[15],"product_tag":[],"class_list":{"0":"post-2099","1":"product","2":"type-product","3":"status-publish","4":"has-post-thumbnail","6":"product_cat-uncategorized","8":"first","9":"instock","10":"shipping-taxable","11":"product-type-simple"},"yoast_head":"<!-- This site is optimized with the Yoast SEO plugin v27.3 - https:\/\/yoast.com\/product\/yoast-seo-wordpress\/ -->\n<title>Resina Hidrocarbonada C5 - Qu\u00edmicos y Pol\u00edmeros Corporation S.A. de C.V.\u00ae<\/title>\n<meta name=\"robots\" content=\"index, follow, max-snippet:-1, max-image-preview:large, max-video-preview:-1\" \/>\n<link rel=\"canonical\" href=\"https:\/\/www.quimicosypolimeros.com\/en\/product\/resina-hidrocarbonada-c5\/\" \/>\n<meta property=\"og:locale\" content=\"en_US\" \/>\n<meta property=\"og:type\" content=\"article\" \/>\n<meta property=\"og:title\" content=\"Resina Hidrocarbonada C5 - Qu\u00edmicos y Pol\u00edmeros Corporation S.A. de C.V.\u00ae\" \/>\n<meta property=\"og:description\" content=\"Resina obtenida a partir de la polimerizaci\u00f3n catal\u00edtica de fracciones C5. Solido granular resistente al agua con buena estabilidad ante \u00e1cidos o \u00e1lcalis, buen aislante y baja conducci\u00f3n de calor, ampliamente en la formulaci\u00f3n de adhesivos.\" \/>\n<meta property=\"og:url\" content=\"https:\/\/www.quimicosypolimeros.com\/en\/product\/resina-hidrocarbonada-c5\/\" \/>\n<meta property=\"og:site_name\" content=\"Qu\u00edmicos y Pol\u00edmeros Corporation S.A. de C.V.\u00ae\" \/>\n<meta property=\"article:publisher\" content=\"https:\/\/www.facebook.com\/quimicosypolimeros\" \/>\n<meta property=\"article:modified_time\" content=\"2025-06-30T22:40:59+00:00\" \/>\n<meta property=\"og:image\" content=\"https:\/\/www.quimicosypolimeros.com\/wp-content\/uploads\/2025\/06\/Resina-Hidrocarbonada-C5.jpeg\" \/>\n\t<meta property=\"og:image:width\" content=\"1500\" \/>\n\t<meta property=\"og:image:height\" content=\"1500\" \/>\n\t<meta property=\"og:image:type\" content=\"image\/jpeg\" \/>\n<meta name=\"twitter:card\" content=\"summary_large_image\" \/>\n<script type=\"application\/ld+json\" class=\"yoast-schema-graph\">{\"@context\":\"https:\\\/\\\/schema.org\",\"@graph\":[{\"@type\":\"WebPage\",\"@id\":\"https:\\\/\\\/www.quimicosypolimeros.com\\\/producto\\\/resina-hidrocarbonada-c5\\\/\",\"url\":\"https:\\\/\\\/www.quimicosypolimeros.com\\\/producto\\\/resina-hidrocarbonada-c5\\\/\",\"name\":\"Resina Hidrocarbonada C5 - Qu\u00edmicos y Pol\u00edmeros Corporation S.A. de C.V.\u00ae\",\"isPartOf\":{\"@id\":\"https:\\\/\\\/www.quimicosypolimeros.com\\\/#website\"},\"primaryImageOfPage\":{\"@id\":\"https:\\\/\\\/www.quimicosypolimeros.com\\\/producto\\\/resina-hidrocarbonada-c5\\\/#primaryimage\"},\"image\":{\"@id\":\"https:\\\/\\\/www.quimicosypolimeros.com\\\/producto\\\/resina-hidrocarbonada-c5\\\/#primaryimage\"},\"thumbnailUrl\":\"https:\\\/\\\/www.quimicosypolimeros.com\\\/wp-content\\\/uploads\\\/2025\\\/06\\\/Resina-Hidrocarbonada-C5.jpeg\",\"datePublished\":\"2025-06-30T22:36:36+00:00\",\"dateModified\":\"2025-06-30T22:40:59+00:00\",\"breadcrumb\":{\"@id\":\"https:\\\/\\\/www.quimicosypolimeros.com\\\/producto\\\/resina-hidrocarbonada-c5\\\/#breadcrumb\"},\"inLanguage\":\"en-US\",\"potentialAction\":[{\"@type\":\"ReadAction\",\"target\":[\"https:\\\/\\\/www.quimicosypolimeros.com\\\/producto\\\/resina-hidrocarbonada-c5\\\/\"]}]},{\"@type\":\"ImageObject\",\"inLanguage\":\"en-US\",\"@id\":\"https:\\\/\\\/www.quimicosypolimeros.com\\\/producto\\\/resina-hidrocarbonada-c5\\\/#primaryimage\",\"url\":\"https:\\\/\\\/www.quimicosypolimeros.com\\\/wp-content\\\/uploads\\\/2025\\\/06\\\/Resina-Hidrocarbonada-C5.jpeg\",\"contentUrl\":\"https:\\\/\\\/www.quimicosypolimeros.com\\\/wp-content\\\/uploads\\\/2025\\\/06\\\/Resina-Hidrocarbonada-C5.jpeg\",\"width\":1500,\"height\":1500},{\"@type\":\"BreadcrumbList\",\"@id\":\"https:\\\/\\\/www.quimicosypolimeros.com\\\/producto\\\/resina-hidrocarbonada-c5\\\/#breadcrumb\",\"itemListElement\":[{\"@type\":\"ListItem\",\"position\":1,\"name\":\"Inicio\",\"item\":\"https:\\\/\\\/www.quimicosypolimeros.com\\\/\"},{\"@type\":\"ListItem\",\"position\":2,\"name\":\"Tienda\",\"item\":\"https:\\\/\\\/www.quimicosypolimeros.com\\\/tienda\\\/\"},{\"@type\":\"ListItem\",\"position\":3,\"name\":\"Resina Hidrocarbonada C5\"}]},{\"@type\":\"WebSite\",\"@id\":\"https:\\\/\\\/www.quimicosypolimeros.com\\\/#website\",\"url\":\"https:\\\/\\\/www.quimicosypolimeros.com\\\/\",\"name\":\"Qu\u00edmicos y Pol\u00edmeros Corporation S.A. de C.V.\u00ae\",\"description\":\"\",\"publisher\":{\"@id\":\"https:\\\/\\\/www.quimicosypolimeros.com\\\/#organization\"},\"potentialAction\":[{\"@type\":\"SearchAction\",\"target\":{\"@type\":\"EntryPoint\",\"urlTemplate\":\"https:\\\/\\\/www.quimicosypolimeros.com\\\/?s={search_term_string}\"},\"query-input\":{\"@type\":\"PropertyValueSpecification\",\"valueRequired\":true,\"valueName\":\"search_term_string\"}}],\"inLanguage\":\"en-US\"},{\"@type\":\"Organization\",\"@id\":\"https:\\\/\\\/www.quimicosypolimeros.com\\\/#organization\",\"name\":\"Quimicos y Polimeros\",\"url\":\"https:\\\/\\\/www.quimicosypolimeros.com\\\/\",\"logo\":{\"@type\":\"ImageObject\",\"inLanguage\":\"en-US\",\"@id\":\"https:\\\/\\\/www.quimicosypolimeros.com\\\/#\\\/schema\\\/logo\\\/image\\\/\",\"url\":\"https:\\\/\\\/www.quimicosypolimeros.com\\\/wp-content\\\/uploads\\\/2021\\\/03\\\/cropped-PSULP8001DR07-scaled-1.jpg\",\"contentUrl\":\"https:\\\/\\\/www.quimicosypolimeros.com\\\/wp-content\\\/uploads\\\/2021\\\/03\\\/cropped-PSULP8001DR07-scaled-1.jpg\",\"width\":512,\"height\":512,\"caption\":\"Quimicos y Polimeros\"},\"image\":{\"@id\":\"https:\\\/\\\/www.quimicosypolimeros.com\\\/#\\\/schema\\\/logo\\\/image\\\/\"},\"sameAs\":[\"https:\\\/\\\/www.facebook.com\\\/quimicosypolimeros\",\"https:\\\/\\\/www.instagram.com\\\/quimicosypolimeros\\\/\",\"https:\\\/\\\/www.linkedin.com\\\/company\\\/quimicosypolimeroscorporation\",\"https:\\\/\\\/www.youtube.com\\\/channel\\\/UCYszrBcfRxbZIHbkLuHN_1A\"]}]}<\/script>\n<!-- \/ Yoast SEO plugin. -->","yoast_head_json":{"title":"Resina Hidrocarbonada C5 - Qu\u00edmicos y Pol\u00edmeros Corporation S.A. de C.V.\u00ae","robots":{"index":"index","follow":"follow","max-snippet":"max-snippet:-1","max-image-preview":"max-image-preview:large","max-video-preview":"max-video-preview:-1"},"canonical":"https:\/\/www.quimicosypolimeros.com\/en\/product\/resina-hidrocarbonada-c5\/","og_locale":"en_US","og_type":"article","og_title":"Resina Hidrocarbonada C5 - Qu\u00edmicos y Pol\u00edmeros Corporation S.A. de C.V.\u00ae","og_description":"Resina obtenida a partir de la polimerizaci\u00f3n catal\u00edtica de fracciones C5. Solido granular resistente al agua con buena estabilidad ante \u00e1cidos o \u00e1lcalis, buen aislante y baja conducci\u00f3n de calor, ampliamente en la formulaci\u00f3n de adhesivos.","og_url":"https:\/\/www.quimicosypolimeros.com\/en\/product\/resina-hidrocarbonada-c5\/","og_site_name":"Qu\u00edmicos y Pol\u00edmeros Corporation S.A. de C.V.\u00ae","article_publisher":"https:\/\/www.facebook.com\/quimicosypolimeros","article_modified_time":"2025-06-30T22:40:59+00:00","og_image":[{"width":1500,"height":1500,"url":"https:\/\/www.quimicosypolimeros.com\/wp-content\/uploads\/2025\/06\/Resina-Hidrocarbonada-C5.jpeg","type":"image\/jpeg"}],"twitter_card":"summary_large_image","schema":{"@context":"https:\/\/schema.org","@graph":[{"@type":"WebPage","@id":"https:\/\/www.quimicosypolimeros.com\/producto\/resina-hidrocarbonada-c5\/","url":"https:\/\/www.quimicosypolimeros.com\/producto\/resina-hidrocarbonada-c5\/","name":"Resina Hidrocarbonada C5 - Qu\u00edmicos y Pol\u00edmeros Corporation S.A. de C.V.\u00ae","isPartOf":{"@id":"https:\/\/www.quimicosypolimeros.com\/#website"},"primaryImageOfPage":{"@id":"https:\/\/www.quimicosypolimeros.com\/producto\/resina-hidrocarbonada-c5\/#primaryimage"},"image":{"@id":"https:\/\/www.quimicosypolimeros.com\/producto\/resina-hidrocarbonada-c5\/#primaryimage"},"thumbnailUrl":"https:\/\/www.quimicosypolimeros.com\/wp-content\/uploads\/2025\/06\/Resina-Hidrocarbonada-C5.jpeg","datePublished":"2025-06-30T22:36:36+00:00","dateModified":"2025-06-30T22:40:59+00:00","breadcrumb":{"@id":"https:\/\/www.quimicosypolimeros.com\/producto\/resina-hidrocarbonada-c5\/#breadcrumb"},"inLanguage":"en-US","potentialAction":[{"@type":"ReadAction","target":["https:\/\/www.quimicosypolimeros.com\/producto\/resina-hidrocarbonada-c5\/"]}]},{"@type":"ImageObject","inLanguage":"en-US","@id":"https:\/\/www.quimicosypolimeros.com\/producto\/resina-hidrocarbonada-c5\/#primaryimage","url":"https:\/\/www.quimicosypolimeros.com\/wp-content\/uploads\/2025\/06\/Resina-Hidrocarbonada-C5.jpeg","contentUrl":"https:\/\/www.quimicosypolimeros.com\/wp-content\/uploads\/2025\/06\/Resina-Hidrocarbonada-C5.jpeg","width":1500,"height":1500},{"@type":"BreadcrumbList","@id":"https:\/\/www.quimicosypolimeros.com\/producto\/resina-hidrocarbonada-c5\/#breadcrumb","itemListElement":[{"@type":"ListItem","position":1,"name":"Inicio","item":"https:\/\/www.quimicosypolimeros.com\/"},{"@type":"ListItem","position":2,"name":"Tienda","item":"https:\/\/www.quimicosypolimeros.com\/tienda\/"},{"@type":"ListItem","position":3,"name":"Resina Hidrocarbonada C5"}]},{"@type":"WebSite","@id":"https:\/\/www.quimicosypolimeros.com\/#website","url":"https:\/\/www.quimicosypolimeros.com\/","name":"Qu\u00edmicos y Pol\u00edmeros Corporation S.A. de C.V.\u00ae","description":"","publisher":{"@id":"https:\/\/www.quimicosypolimeros.com\/#organization"},"potentialAction":[{"@type":"SearchAction","target":{"@type":"EntryPoint","urlTemplate":"https:\/\/www.quimicosypolimeros.com\/?s={search_term_string}"},"query-input":{"@type":"PropertyValueSpecification","valueRequired":true,"valueName":"search_term_string"}}],"inLanguage":"en-US"},{"@type":"Organization","@id":"https:\/\/www.quimicosypolimeros.com\/#organization","name":"Quimicos y Polimeros","url":"https:\/\/www.quimicosypolimeros.com\/","logo":{"@type":"ImageObject","inLanguage":"en-US","@id":"https:\/\/www.quimicosypolimeros.com\/#\/schema\/logo\/image\/","url":"https:\/\/www.quimicosypolimeros.com\/wp-content\/uploads\/2021\/03\/cropped-PSULP8001DR07-scaled-1.jpg","contentUrl":"https:\/\/www.quimicosypolimeros.com\/wp-content\/uploads\/2021\/03\/cropped-PSULP8001DR07-scaled-1.jpg","width":512,"height":512,"caption":"Quimicos y Polimeros"},"image":{"@id":"https:\/\/www.quimicosypolimeros.com\/#\/schema\/logo\/image\/"},"sameAs":["https:\/\/www.facebook.com\/quimicosypolimeros","https:\/\/www.instagram.com\/quimicosypolimeros\/","https:\/\/www.linkedin.com\/company\/quimicosypolimeroscorporation","https:\/\/www.youtube.com\/channel\/UCYszrBcfRxbZIHbkLuHN_1A"]}]}},"_links":{"self":[{"href":"https:\/\/www.quimicosypolimeros.com\/en\/wp-json\/wp\/v2\/product\/2099","targetHints":{"allow":["GET"]}}],"collection":[{"href":"https:\/\/www.quimicosypolimeros.com\/en\/wp-json\/wp\/v2\/product"}],"about":[{"href":"https:\/\/www.quimicosypolimeros.com\/en\/wp-json\/wp\/v2\/types\/product"}],"replies":[{"embeddable":true,"href":"https:\/\/www.quimicosypolimeros.com\/en\/wp-json\/wp\/v2\/comments?post=2099"}],"wp:featuredmedia":[{"embeddable":true,"href":"https:\/\/www.quimicosypolimeros.com\/en\/wp-json\/wp\/v2\/media\/2100"}],"wp:attachment":[{"href":"https:\/\/www.quimicosypolimeros.com\/en\/wp-json\/wp\/v2\/media?parent=2099"}],"wp:term":[{"taxonomy":"product_brand","embeddable":true,"href":"https:\/\/www.quimicosypolimeros.com\/en\/wp-json\/wp\/v2\/product_brand?post=2099"},{"taxonomy":"product_cat","embeddable":true,"href":"https:\/\/www.quimicosypolimeros.com\/en\/wp-json\/wp\/v2\/product_cat?post=2099"},{"taxonomy":"product_tag","embeddable":true,"href":"https:\/\/www.quimicosypolimeros.com\/en\/wp-json\/wp\/v2\/product_tag?post=2099"}],"curies":[{"name":"wp","href":"https:\/\/api.w.org\/{rel}","templated":true}]}}