{"id":91,"date":"2013-08-11T19:06:15","date_gmt":"2013-08-11T19:06:15","guid":{"rendered":"http:\/\/localhost:8888\/test\/?page_id=520"},"modified":"2026-03-04T06:27:20","modified_gmt":"2026-03-04T06:27:20","slug":"catalogo","status":"publish","type":"page","link":"https:\/\/www.quimicosypolimeros.com\/en\/catalogo\/","title":{"rendered":"Catalogue"},"content":{"rendered":"<div class=\"banner has-hover\" id=\"banner-1990719194\">\n          <div class=\"banner-inner fill\">\n        <div class=\"banner-bg fill\" >\n            <div class=\"bg fill bg-fill\"><\/div>\n                                    \n                    <\/div>\n        <div class=\"banner-layers container\">\n            <div class=\"fill banner-link\"><\/div>            \n\n   <div id=\"text-box-1214315946\" class=\"text-box banner-layer x50 md-x50 lg-x50 y80 md-y80 lg-y80 res-text\">\n                                <div class=\"text-box-content text dark\">\n              \n              <div class=\"text-inner text-center\">\n                  \n\n\t<div id=\"text-2112075252\" class=\"text\">\n\t\t\n\n<h1 class=\"lead\">Catalogue<\/h1>\n<p class=\"lead\">View and Download our Digital Catalog.<\/p>\n\t\t\n<style>\n#text-2112075252 {\n  color: rgb(255, 255, 255);\n}\n#text-2112075252 > * {\n  color: rgb(255, 255, 255);\n}\n<\/style>\n\t<\/div>\n\t\n\n              <\/div>\n           <\/div>\n                            \n<style>\n#text-box-1214315946 {\n  width: 60%;\n}\n#text-box-1214315946 .text-box-content {\n  font-size: 100%;\n}\n<\/style>\n    <\/div>\n \n\n        <\/div>\n      <\/div>\n\n            \n<style>\n#banner-1990719194 {\n  padding-top: 200px;\n  background-color: #02bfc9;\n}\n<\/style>\n  <\/div>\n\n\n<div class=\"container section-title-container\" ><h3 class=\"section-title section-title-normal\"><b><\/b><span class=\"section-title-main\" >PRODUCT CATALOG<\/span><b><\/b><\/h3><\/div>\n\n<div class=\"row\"  id=\"row-2079275181\">\n\n\n\t<div id=\"col-898246220\" class=\"col medium-6 small-12 large-6\"  >\n\t\t<div class=\"col-inner\"  >\n\t\t\t\n\t\t\t\n\n\t<div id=\"text-3268804717\" class=\"text\">\n\t\t\n\nSPANISH\n\t\t\n<style>\n#text-3268804717 {\n  text-align: center;\n}\n<\/style>\n\t<\/div>\n\t\n\n\t\t<\/div>\n\t\t\t<\/div>\n\n\t\n\n\t<div id=\"col-817433926\" class=\"col medium-6 small-12 large-6\"  >\n\t\t<div class=\"col-inner\"  >\n\t\t\t\n\t\t\t\n\n\t<div id=\"text-665158337\" class=\"text\">\n\t\t\n\nENGLISH\n\t\t\n<style>\n#text-665158337 {\n  text-align: center;\n}\n<\/style>\n\t<\/div>\n\t\n\n\t\t<\/div>\n\t\t\t<\/div>\n\n\t\n\n<\/div>\n<div class=\"row\"  id=\"row-1108941236\">\n\n\n\t<div id=\"col-1772294464\" class=\"col medium-6 small-12 large-6\"  >\n\t\t<div class=\"col-inner\"  >\n\t\t\t\n\t\t\t\n\n<div class=\"_df_book df-lite\" id=\"df_1903\"  _slug=\"catalogo-2024\" data-title=\"catalogo-2024-espanol\" wpoptions=\"true\" thumbtype=\"\" ><\/div><script class=\"df-shortcode-script\" nowprocket type=\"application\/javascript\">window.option_df_1903 = {\"outline\":[],\"autoEnableOutline\":\"false\",\"autoEnableThumbnail\":\"false\",\"overwritePDFOutline\":\"false\",\"enableDownload\":\"false\",\"direction\":\"1\",\"pageSize\":\"0\",\"source\":\"https:\\\/\\\/www.quimicosypolimeros.com\\\/wp-content\\\/uploads\\\/2024\\\/06\\\/CATALOGO-2022-v14.pdf\",\"wpOptions\":\"true\"}; if(window.DFLIP && window.DFLIP.parseBooks){window.DFLIP.parseBooks();}<\/script>\n\n\t\t<\/div>\n\t\t\t<\/div>\n\n\t\n\n\t<div id=\"col-1207166040\" class=\"col medium-6 small-12 large-6\"  >\n\t\t<div class=\"col-inner\"  >\n\t\t\t\n\t\t\t\n\n<div class=\"_df_book df-lite\" id=\"df_1906\"  _slug=\"catalogo-2024-ingles\" data-title=\"catalogo-2024-ingles\" wpoptions=\"true\" thumbtype=\"\" ><\/div><script class=\"df-shortcode-script\" nowprocket type=\"application\/javascript\">window.option_df_1906 = {\"outline\":[],\"autoEnableOutline\":\"false\",\"autoEnableThumbnail\":\"false\",\"overwritePDFOutline\":\"false\",\"enableDownload\":\"false\",\"direction\":\"1\",\"pageSize\":\"0\",\"source\":\"https:\\\/\\\/www.quimicosypolimeros.com\\\/wp-content\\\/uploads\\\/2024\\\/06\\\/QUIMIPOL-Catalog-ENG-11JUL24.pdf\",\"wpOptions\":\"true\"}; if(window.DFLIP && window.DFLIP.parseBooks){window.DFLIP.parseBooks();}<\/script>\n\n\t\t<\/div>\n\t\t\t<\/div>\n\n\t\n\n<\/div>\n\t<section class=\"section\" id=\"section_1312661597\">\n\t\t<div class=\"bg section-bg fill bg-fill  bg-loaded\" >\n\n\t\t\t\n\t\t\t\n\t\t\t\n\n\t\t<\/div>\n\n\t\t<div class=\"section-content relative\">\n\t\t\t\n\n<div class=\"row align-center\"  id=\"row-1439700181\">\n\n\n\t<div id=\"col-1273561\" class=\"col medium-10 small-12 large-10\"  >\n\t\t<div class=\"col-inner text-center\"  >\n\t\t\t\n\t\t\t\n\n\t<div id=\"text-1467922992\" class=\"text hidden\">\n\t\t\n\n<div class=\"_df_book df-lite\" id=\"df_1910\"  _slug=\"catalogo-lps-2024\" data-title=\"catalogo-lps-2024\" wpoptions=\"true\" thumbtype=\"\" ><\/div><script class=\"df-shortcode-script\" nowprocket type=\"application\/javascript\">window.option_df_1910 = {\"outline\":[],\"autoEnableOutline\":\"false\",\"autoEnableThumbnail\":\"false\",\"overwritePDFOutline\":\"false\",\"enableDownload\":\"false\",\"direction\":\"1\",\"pageSize\":\"0\",\"source\":\"https:\\\/\\\/www.quimicosypolimeros.com\\\/wp-content\\\/uploads\\\/2023\\\/04\\\/Quimipol-LPS-DETALLE-2023.pdf\",\"wpOptions\":\"true\"}; if(window.DFLIP && window.DFLIP.parseBooks){window.DFLIP.parseBooks();}<\/script>\n\t\t\t<\/div>\n\t\n\n\t\t<\/div>\n\t\t\t<\/div>\n\n\t\n\n<\/div>\n\n\t\t<\/div>\n\n\t\t\n<style>\n#section_1312661597 {\n  padding-top: 60px;\n  padding-bottom: 60px;\n  min-height: 300px;\n  background-color: rgb(245, 245, 245);\n}\n<\/style>\n\t<\/section>","protected":false},"excerpt":{"rendered":"","protected":false},"author":1,"featured_media":17,"parent":0,"menu_order":0,"comment_status":"closed","ping_status":"closed","template":"page-blank.php","meta":{"_monsterinsights_skip_tracking":false,"_monsterinsights_sitenote_active":false,"_monsterinsights_sitenote_note":"","_monsterinsights_sitenote_category":0,"footnotes":""},"class_list":["post-91","page","type-page","status-publish","has-post-thumbnail","hentry"],"yoast_head":"<!-- This site is optimized with the Yoast SEO plugin v27.5 - https:\/\/yoast.com\/product\/yoast-seo-wordpress\/ -->\n<title>Cat\u00e1logo - Qu\u00edmicos y Pol\u00edmeros Corporation S.A. de C.V.\u00ae<\/title>\n<meta name=\"robots\" content=\"index, follow, max-snippet:-1, max-image-preview:large, max-video-preview:-1\" \/>\n<link rel=\"canonical\" href=\"https:\/\/www.quimicosypolimeros.com\/en\/catalogo\/\" \/>\n<meta property=\"og:locale\" content=\"en_US\" \/>\n<meta property=\"og:type\" content=\"article\" \/>\n<meta property=\"og:title\" content=\"Cat\u00e1logo - Qu\u00edmicos y Pol\u00edmeros Corporation S.A. de C.V.\u00ae\" \/>\n<meta property=\"og:url\" content=\"https:\/\/www.quimicosypolimeros.com\/en\/catalogo\/\" \/>\n<meta property=\"og:site_name\" content=\"Qu\u00edmicos y Pol\u00edmeros Corporation S.A. de C.V.\u00ae\" \/>\n<meta property=\"article:publisher\" content=\"https:\/\/www.facebook.com\/quimicosypolimeros\" \/>\n<meta property=\"article:modified_time\" content=\"2026-03-04T06:27:20+00:00\" \/>\n<meta property=\"og:image\" content=\"https:\/\/www.quimicosypolimeros.com\/wp-content\/uploads\/2016\/08\/dummy-1.jpg\" \/>\n\t<meta property=\"og:image:width\" content=\"400\" \/>\n\t<meta property=\"og:image:height\" content=\"260\" \/>\n\t<meta property=\"og:image:type\" content=\"image\/jpeg\" \/>\n<meta name=\"twitter:card\" content=\"summary_large_image\" \/>\n<meta name=\"twitter:label1\" content=\"Est. reading time\" \/>\n\t<meta name=\"twitter:data1\" content=\"1 minute\" \/>\n<script type=\"application\/ld+json\" class=\"yoast-schema-graph\">{\"@context\":\"https:\\\/\\\/schema.org\",\"@graph\":[{\"@type\":\"WebPage\",\"@id\":\"https:\\\/\\\/www.quimicosypolimeros.com\\\/catalogo\\\/\",\"url\":\"https:\\\/\\\/www.quimicosypolimeros.com\\\/catalogo\\\/\",\"name\":\"Cat\u00e1logo - Qu\u00edmicos y Pol\u00edmeros Corporation S.A. de C.V.\u00ae\",\"isPartOf\":{\"@id\":\"https:\\\/\\\/www.quimicosypolimeros.com\\\/#website\"},\"primaryImageOfPage\":{\"@id\":\"https:\\\/\\\/www.quimicosypolimeros.com\\\/catalogo\\\/#primaryimage\"},\"image\":{\"@id\":\"https:\\\/\\\/www.quimicosypolimeros.com\\\/catalogo\\\/#primaryimage\"},\"thumbnailUrl\":\"https:\\\/\\\/www.quimicosypolimeros.com\\\/wp-content\\\/uploads\\\/2016\\\/08\\\/dummy-1.jpg\",\"datePublished\":\"2013-08-11T19:06:15+00:00\",\"dateModified\":\"2026-03-04T06:27:20+00:00\",\"breadcrumb\":{\"@id\":\"https:\\\/\\\/www.quimicosypolimeros.com\\\/catalogo\\\/#breadcrumb\"},\"inLanguage\":\"en-US\",\"potentialAction\":[{\"@type\":\"ReadAction\",\"target\":[\"https:\\\/\\\/www.quimicosypolimeros.com\\\/catalogo\\\/\"]}]},{\"@type\":\"ImageObject\",\"inLanguage\":\"en-US\",\"@id\":\"https:\\\/\\\/www.quimicosypolimeros.com\\\/catalogo\\\/#primaryimage\",\"url\":\"https:\\\/\\\/www.quimicosypolimeros.com\\\/wp-content\\\/uploads\\\/2016\\\/08\\\/dummy-1.jpg\",\"contentUrl\":\"https:\\\/\\\/www.quimicosypolimeros.com\\\/wp-content\\\/uploads\\\/2016\\\/08\\\/dummy-1.jpg\",\"width\":400,\"height\":260},{\"@type\":\"BreadcrumbList\",\"@id\":\"https:\\\/\\\/www.quimicosypolimeros.com\\\/catalogo\\\/#breadcrumb\",\"itemListElement\":[{\"@type\":\"ListItem\",\"position\":1,\"name\":\"Inicio\",\"item\":\"https:\\\/\\\/www.quimicosypolimeros.com\\\/\"},{\"@type\":\"ListItem\",\"position\":2,\"name\":\"Cat\u00e1logo\"}]},{\"@type\":\"WebSite\",\"@id\":\"https:\\\/\\\/www.quimicosypolimeros.com\\\/#website\",\"url\":\"https:\\\/\\\/www.quimicosypolimeros.com\\\/\",\"name\":\"Qu\u00edmicos y Pol\u00edmeros Corporation S.A. de C.V.\u00ae\",\"description\":\"\",\"publisher\":{\"@id\":\"https:\\\/\\\/www.quimicosypolimeros.com\\\/#organization\"},\"potentialAction\":[{\"@type\":\"SearchAction\",\"target\":{\"@type\":\"EntryPoint\",\"urlTemplate\":\"https:\\\/\\\/www.quimicosypolimeros.com\\\/?s={search_term_string}\"},\"query-input\":{\"@type\":\"PropertyValueSpecification\",\"valueRequired\":true,\"valueName\":\"search_term_string\"}}],\"inLanguage\":\"en-US\"},{\"@type\":\"Organization\",\"@id\":\"https:\\\/\\\/www.quimicosypolimeros.com\\\/#organization\",\"name\":\"Quimicos y Polimeros\",\"url\":\"https:\\\/\\\/www.quimicosypolimeros.com\\\/\",\"logo\":{\"@type\":\"ImageObject\",\"inLanguage\":\"en-US\",\"@id\":\"https:\\\/\\\/www.quimicosypolimeros.com\\\/#\\\/schema\\\/logo\\\/image\\\/\",\"url\":\"https:\\\/\\\/www.quimicosypolimeros.com\\\/wp-content\\\/uploads\\\/2021\\\/03\\\/cropped-PSULP8001DR07-scaled-1.jpg\",\"contentUrl\":\"https:\\\/\\\/www.quimicosypolimeros.com\\\/wp-content\\\/uploads\\\/2021\\\/03\\\/cropped-PSULP8001DR07-scaled-1.jpg\",\"width\":512,\"height\":512,\"caption\":\"Quimicos y Polimeros\"},\"image\":{\"@id\":\"https:\\\/\\\/www.quimicosypolimeros.com\\\/#\\\/schema\\\/logo\\\/image\\\/\"},\"sameAs\":[\"https:\\\/\\\/www.facebook.com\\\/quimicosypolimeros\",\"https:\\\/\\\/www.instagram.com\\\/quimicosypolimeros\\\/\",\"https:\\\/\\\/www.linkedin.com\\\/company\\\/quimicosypolimeroscorporation\",\"https:\\\/\\\/www.youtube.com\\\/channel\\\/UCYszrBcfRxbZIHbkLuHN_1A\"]}]}<\/script>\n<!-- \/ Yoast SEO plugin. -->","yoast_head_json":{"title":"Cat\u00e1logo - Qu\u00edmicos y Pol\u00edmeros Corporation S.A. de C.V.\u00ae","robots":{"index":"index","follow":"follow","max-snippet":"max-snippet:-1","max-image-preview":"max-image-preview:large","max-video-preview":"max-video-preview:-1"},"canonical":"https:\/\/www.quimicosypolimeros.com\/en\/catalogo\/","og_locale":"en_US","og_type":"article","og_title":"Cat\u00e1logo - Qu\u00edmicos y Pol\u00edmeros Corporation S.A. de C.V.\u00ae","og_url":"https:\/\/www.quimicosypolimeros.com\/en\/catalogo\/","og_site_name":"Qu\u00edmicos y Pol\u00edmeros Corporation S.A. de C.V.\u00ae","article_publisher":"https:\/\/www.facebook.com\/quimicosypolimeros","article_modified_time":"2026-03-04T06:27:20+00:00","og_image":[{"width":400,"height":260,"url":"https:\/\/www.quimicosypolimeros.com\/wp-content\/uploads\/2016\/08\/dummy-1.jpg","type":"image\/jpeg"}],"twitter_card":"summary_large_image","twitter_misc":{"Est. reading time":"1 minute"},"schema":{"@context":"https:\/\/schema.org","@graph":[{"@type":"WebPage","@id":"https:\/\/www.quimicosypolimeros.com\/catalogo\/","url":"https:\/\/www.quimicosypolimeros.com\/catalogo\/","name":"Cat\u00e1logo - Qu\u00edmicos y Pol\u00edmeros Corporation S.A. de C.V.\u00ae","isPartOf":{"@id":"https:\/\/www.quimicosypolimeros.com\/#website"},"primaryImageOfPage":{"@id":"https:\/\/www.quimicosypolimeros.com\/catalogo\/#primaryimage"},"image":{"@id":"https:\/\/www.quimicosypolimeros.com\/catalogo\/#primaryimage"},"thumbnailUrl":"https:\/\/www.quimicosypolimeros.com\/wp-content\/uploads\/2016\/08\/dummy-1.jpg","datePublished":"2013-08-11T19:06:15+00:00","dateModified":"2026-03-04T06:27:20+00:00","breadcrumb":{"@id":"https:\/\/www.quimicosypolimeros.com\/catalogo\/#breadcrumb"},"inLanguage":"en-US","potentialAction":[{"@type":"ReadAction","target":["https:\/\/www.quimicosypolimeros.com\/catalogo\/"]}]},{"@type":"ImageObject","inLanguage":"en-US","@id":"https:\/\/www.quimicosypolimeros.com\/catalogo\/#primaryimage","url":"https:\/\/www.quimicosypolimeros.com\/wp-content\/uploads\/2016\/08\/dummy-1.jpg","contentUrl":"https:\/\/www.quimicosypolimeros.com\/wp-content\/uploads\/2016\/08\/dummy-1.jpg","width":400,"height":260},{"@type":"BreadcrumbList","@id":"https:\/\/www.quimicosypolimeros.com\/catalogo\/#breadcrumb","itemListElement":[{"@type":"ListItem","position":1,"name":"Inicio","item":"https:\/\/www.quimicosypolimeros.com\/"},{"@type":"ListItem","position":2,"name":"Cat\u00e1logo"}]},{"@type":"WebSite","@id":"https:\/\/www.quimicosypolimeros.com\/#website","url":"https:\/\/www.quimicosypolimeros.com\/","name":"Qu\u00edmicos y Pol\u00edmeros Corporation S.A. de C.V.\u00ae","description":"","publisher":{"@id":"https:\/\/www.quimicosypolimeros.com\/#organization"},"potentialAction":[{"@type":"SearchAction","target":{"@type":"EntryPoint","urlTemplate":"https:\/\/www.quimicosypolimeros.com\/?s={search_term_string}"},"query-input":{"@type":"PropertyValueSpecification","valueRequired":true,"valueName":"search_term_string"}}],"inLanguage":"en-US"},{"@type":"Organization","@id":"https:\/\/www.quimicosypolimeros.com\/#organization","name":"Quimicos y Polimeros","url":"https:\/\/www.quimicosypolimeros.com\/","logo":{"@type":"ImageObject","inLanguage":"en-US","@id":"https:\/\/www.quimicosypolimeros.com\/#\/schema\/logo\/image\/","url":"https:\/\/www.quimicosypolimeros.com\/wp-content\/uploads\/2021\/03\/cropped-PSULP8001DR07-scaled-1.jpg","contentUrl":"https:\/\/www.quimicosypolimeros.com\/wp-content\/uploads\/2021\/03\/cropped-PSULP8001DR07-scaled-1.jpg","width":512,"height":512,"caption":"Quimicos y Polimeros"},"image":{"@id":"https:\/\/www.quimicosypolimeros.com\/#\/schema\/logo\/image\/"},"sameAs":["https:\/\/www.facebook.com\/quimicosypolimeros","https:\/\/www.instagram.com\/quimicosypolimeros\/","https:\/\/www.linkedin.com\/company\/quimicosypolimeroscorporation","https:\/\/www.youtube.com\/channel\/UCYszrBcfRxbZIHbkLuHN_1A"]}]}},"_links":{"self":[{"href":"https:\/\/www.quimicosypolimeros.com\/en\/wp-json\/wp\/v2\/pages\/91","targetHints":{"allow":["GET"]}}],"collection":[{"href":"https:\/\/www.quimicosypolimeros.com\/en\/wp-json\/wp\/v2\/pages"}],"about":[{"href":"https:\/\/www.quimicosypolimeros.com\/en\/wp-json\/wp\/v2\/types\/page"}],"author":[{"embeddable":true,"href":"https:\/\/www.quimicosypolimeros.com\/en\/wp-json\/wp\/v2\/users\/1"}],"replies":[{"embeddable":true,"href":"https:\/\/www.quimicosypolimeros.com\/en\/wp-json\/wp\/v2\/comments?post=91"}],"version-history":[{"count":29,"href":"https:\/\/www.quimicosypolimeros.com\/en\/wp-json\/wp\/v2\/pages\/91\/revisions"}],"predecessor-version":[{"id":2269,"href":"https:\/\/www.quimicosypolimeros.com\/en\/wp-json\/wp\/v2\/pages\/91\/revisions\/2269"}],"wp:featuredmedia":[{"embeddable":true,"href":"https:\/\/www.quimicosypolimeros.com\/en\/wp-json\/wp\/v2\/media\/17"}],"wp:attachment":[{"href":"https:\/\/www.quimicosypolimeros.com\/en\/wp-json\/wp\/v2\/media?parent=91"}],"curies":[{"name":"wp","href":"https:\/\/api.w.org\/{rel}","templated":true}]}}