{"id":89,"date":"2013-08-11T19:22:53","date_gmt":"2013-08-11T19:22:53","guid":{"rendered":"http:\/\/localhost:8888\/test\/?page_id=532"},"modified":"2025-04-07T22:01:48","modified_gmt":"2025-04-07T22:01:48","slug":"contacto","status":"publish","type":"page","link":"https:\/\/www.quimicosypolimeros.com\/en\/contacto\/","title":{"rendered":"Contact"},"content":{"rendered":"<div class=\"row\"  id=\"row-59501203\">\n\n\n\t<div id=\"col-755714053\" class=\"col medium-6 large-6\"  >\n\t\t<div class=\"col-inner\"  >\n\t\t\t\n\t\t\t\n\n<div class=\"container section-title-container\" ><h3 class=\"section-title section-title-normal\"><b><\/b><span class=\"section-title-main\" >CONTACT US<\/span><b><\/b><\/h3><\/div>\n\n\n<div class=\"wpcf7 no-js\" id=\"wpcf7-f16-o1\" lang=\"en-US\" dir=\"ltr\" data-wpcf7-id=\"16\">\n<div class=\"screen-reader-response\"><p role=\"status\" aria-live=\"polite\" aria-atomic=\"true\"><\/p> <ul><\/ul><\/div>\n<form action=\"\/en\/wp-json\/wp\/v2\/pages\/89#wpcf7-f16-o1\" method=\"post\" class=\"wpcf7-form init\" aria-label=\"Contact form\" novalidate=\"novalidate\" data-status=\"init\" data-trp-original-action=\"\/en\/wp-json\/wp\/v2\/pages\/89#wpcf7-f16-o1\">\n<fieldset class=\"hidden-fields-container\"><input type=\"hidden\" name=\"_wpcf7\" value=\"16\" \/><input type=\"hidden\" name=\"_wpcf7_version\" value=\"6.1.5\" \/><input type=\"hidden\" name=\"_wpcf7_locale\" value=\"en_US\" \/><input type=\"hidden\" name=\"_wpcf7_unit_tag\" value=\"wpcf7-f16-o1\" \/><input type=\"hidden\" name=\"_wpcf7_container_post\" value=\"0\" \/><input type=\"hidden\" name=\"_wpcf7_posted_data_hash\" value=\"\" \/><input type=\"hidden\" name=\"_wpcf7_recaptcha_response\" value=\"\" \/>\n<\/fieldset>\n<p><label>Contact name: (required)<\/label><br \/>\n<span class=\"wpcf7-form-control-wrap\" data-name=\"your-name\"><input size=\"40\" maxlength=\"400\" class=\"wpcf7-form-control wpcf7-text wpcf7-validates-as-required\" aria-required=\"true\" aria-invalid=\"false\" value=\"\" type=\"text\" name=\"your-name\" \/><\/span>\n<\/p>\n<p><label>Company name: (required)<\/label><br \/>\n<span class=\"wpcf7-form-control-wrap\" data-name=\"your-company\"><input size=\"40\" maxlength=\"400\" class=\"wpcf7-form-control wpcf7-text wpcf7-validates-as-required\" aria-required=\"true\" aria-invalid=\"false\" value=\"\" type=\"text\" name=\"your-company\" \/><\/span>\n<\/p>\n<p><label>Email (required)<\/label><br \/>\n<span class=\"wpcf7-form-control-wrap\" data-name=\"your-email\"><input size=\"40\" maxlength=\"400\" class=\"wpcf7-form-control wpcf7-email wpcf7-validates-as-required wpcf7-text wpcf7-validates-as-email\" aria-required=\"true\" aria-invalid=\"false\" value=\"\" type=\"email\" name=\"your-email\" \/><\/span>\n<\/p>\n<p><label>Phone (required)<\/label><br \/>\n<span class=\"wpcf7-form-control-wrap\" data-name=\"your-tel\"><input size=\"40\" maxlength=\"400\" class=\"wpcf7-form-control wpcf7-text wpcf7-validates-as-required\" aria-required=\"true\" aria-invalid=\"false\" value=\"\" type=\"text\" name=\"your-tel\" \/><\/span>\n<\/p>\n<p><label>Whatsapp: (optional)<\/label><br \/>\n<span class=\"wpcf7-form-control-wrap\" data-name=\"your-whatsapp\"><input size=\"40\" maxlength=\"400\" class=\"wpcf7-form-control wpcf7-text wpcf7-validates-as-required\" aria-required=\"true\" aria-invalid=\"false\" value=\"\" type=\"text\" name=\"your-whatsapp\" \/><\/span>\n<\/p>\n<p><label>Subject: (required)<\/label><br \/>\n<span class=\"wpcf7-form-control-wrap\" data-name=\"your-subject\"><input size=\"40\" maxlength=\"400\" class=\"wpcf7-form-control wpcf7-text wpcf7-validates-as-required\" aria-required=\"true\" aria-invalid=\"false\" value=\"\" type=\"text\" name=\"your-subject\" \/><\/span>\n<\/p>\n<p><label>Message (required)<\/label><br \/>\n<span class=\"wpcf7-form-control-wrap\" data-name=\"your-message\"><textarea cols=\"40\" rows=\"10\" maxlength=\"2000\" class=\"wpcf7-form-control wpcf7-textarea wpcf7-validates-as-required\" aria-required=\"true\" aria-invalid=\"false\" name=\"your-message\"><\/textarea><\/span>\n<\/p>\n<p><input class=\"wpcf7-form-control wpcf7-submit has-spinner button\" type=\"submit\" value=\"Submit\" \/>\n<\/p><p style=\"display: none !important;\" class=\"akismet-fields-container\" data-prefix=\"_wpcf7_ak_\"><label>&#916;<textarea name=\"_wpcf7_ak_hp_textarea\" cols=\"45\" rows=\"8\" maxlength=\"100\"><\/textarea><\/label><input type=\"hidden\" id=\"ak_js_1\" name=\"_wpcf7_ak_js\" value=\"111\"\/><script>document.getElementById( \"ak_js_1\" ).setAttribute( \"value\", ( new Date() ).getTime() );<\/script><\/p><div class=\"wpcf7-response-output\" aria-hidden=\"true\"><\/div>\n<input type=\"hidden\" name=\"trp-form-language\" value=\"en\"\/><\/form>\n<\/div>\n\n\n\t<div id=\"text-2405568146\" class=\"text\">\n\t\t\n\n<h3 class=\"uppercase\" style=\"text-align: center;\"><strong>DO YOU WANT AN IMMEDIATE CONTACT<\/strong><\/h3>\n<h4 style=\"text-align: center;\">Write to us by WhatsApp<\/h4>\n\t\t\n<style>\n#text-2405568146 {\n  text-align: center;\n}\n<\/style>\n\t<\/div>\n\t\n<a href=\"https:\/\/wa.link\/5sfk40\" target=\"_self\" class=\"button secondary is-bevel is-xxlarge\"  style=\"border-radius:99px;\">\n    <span>CHAT NOW<\/span>\n  <\/a>\n\n\n\n\t\t<\/div>\n\t\t\t<\/div>\n\n\t\n\n\t<div id=\"col-1870340633\" class=\"col medium-6 small-12 large-6\"  >\n\t\t<div class=\"col-inner\"  >\n\t\t\t\n\t\t\t\n\n\t<div id=\"text-1255866273\" class=\"text\">\n\t\t\n\n<p style=\"text-align: center;\"><strong>Head Office: Edo. Mex \/ Mexico City<\/strong><br>Carlos B. Zetina No. 2 <br>Col. Industrial Xalostoc<br>Ecatepec, Estado de M\u00e9xico<br>C.P. 55348 M\u00e9xico<br>55 8283 4570 to 75<br>e-mail: ventas@quimicosypolimeros.com<\/p>\n\t\t\n<style>\n#text-1255866273 {\n  font-size: 1rem;\n  color: rgb(1, 6, 113);\n}\n#text-1255866273 > * {\n  color: rgb(1, 6, 113);\n}\n<\/style>\n\t<\/div>\n\t\n\t<div id=\"text-436857675\" class=\"text\">\n\t\t\n\n<p style=\"text-align: center;\"><strong>Sucursal Guadalajara <\/strong><br>Av. Gobernador Luis G. Curiel #2780<br>Col. Zona Industrial Guadalajara Jalisco C.P. 44940 M\u00e9xico Tels: (+52)3336853348 e-mail: ventas@quimicosypolimeros.com<\/p>\n\t\t\n<style>\n#text-436857675 {\n  font-size: 1rem;\n  color: #010671;\n}\n#text-436857675 > * {\n  color: #010671;\n}\n<\/style>\n\t<\/div>\n\t\n\t<div id=\"text-1058168063\" class=\"text\">\n\t\t\n\n<p style=\"text-align: center;\"><strong>Sucursal Le\u00f3n<\/strong><br>Boulevard Juan Jos\u00e9 Torres Landa #5020 Bodega 6 Col. Arroyo Hondo <br>Le\u00f3n, Guanajuato <br>C.P. 37438 M\u00e9xico<br>Tels: 477 194 5642 y 477 688 5048<br>e-mail: ventas@quimicosypolimeros.com<\/p>\n\t\t\n<style>\n#text-1058168063 {\n  font-size: 1rem;\n  color: #010671;\n}\n#text-1058168063 > * {\n  color: #010671;\n}\n<\/style>\n\t<\/div>\n\t\n\t<div id=\"text-4048511962\" class=\"text\">\n\t\t\n\n<p style=\"text-align: center;\"><strong>Sucursal Monterrey<\/strong><br>Avenida de la industria No 122<br>Fraccionamiento Industrial Legacy Business Park Apodaca Nuevo Le\u00f3n, CP 66614 M\u00e9xico Tels: (+52)818 088 1220 e-mail: ventas@quimicosypolimeros.com<\/p>\n\t\t\n<style>\n#text-4048511962 {\n  font-size: 1rem;\n  color: #010671;\n}\n#text-4048511962 > * {\n  color: #010671;\n}\n<\/style>\n\t<\/div>\n\t\n\n\t\t<\/div>\n\t\t\t<\/div>\n\n\t\n\n<\/div>\n<div class=\"row\"  id=\"row-2101255643\">\n\n\n\t<div id=\"col-480974706\" class=\"col medium-6 small-12 large-6\"  >\n\t\t<div class=\"col-inner\"  >\n\t\t\t\n\t\t\t\n\n<div class=\"container section-title-container\" ><h3 class=\"section-title section-title-normal\"><b><\/b><span class=\"section-title-main\" >BRANCH CDMX \/ EDO MEX<\/span><b><\/b><\/h3><\/div>\n\n\n\t\t<\/div>\n\t\t\t<\/div>\n\n\t\n\n\t<div id=\"col-1822552496\" class=\"col medium-6 small-12 large-6\"  >\n\t\t<div class=\"col-inner\"  >\n\t\t\t\n\t\t\t\n\n<div class=\"container section-title-container\" ><h3 class=\"section-title section-title-normal\"><b><\/b><span class=\"section-title-main\" >GUADALAJARA BRANCH<\/span><b><\/b><\/h3><\/div>\n\n\n\t\t<\/div>\n\t\t\t<\/div>\n\n\t\n\n<\/div>\n<div class=\"row\"  id=\"row-1641571790\">\n\n\n\t<div id=\"col-541424758\" class=\"col medium-6 small-12 large-6\"  >\n\t\t<div class=\"col-inner\"  >\n\t\t\t\n\t\t\t\n\n<p><center><iframe src=\"https:\/\/www.google.com\/maps\/embed?pb=!1m18!1m12!1m3!1d3760.6553876949715!2d-99.07828438601192!3d19.513456743148726!2m3!1f0!2f0!3f0!3m2!1i1024!2i768!4f13.1!3m3!1m2!1s0x85d1fa0e95555555%3A0x55be24e7d88373ed!2sQu%C3%ADmicos%20y%20Pol%C3%ADmeros%20Corporation%20S.A.%20de%20C.V.!5e0!3m2!1ses!2smx!4v1673476742627!5m2!1ses!2smx\" width=\"600\" height=\"450\" style=\"border:0;\" allowfullscreen=\"\" loading=\"lazy\" referrerpolicy=\"no-referrer-when-downgrade\"><\/iframe><br \/>\n<\/center><\/p>\n\n\t\t<\/div>\n\t\t\t<\/div>\n\n\t\n\n\t<div id=\"col-979229798\" class=\"col medium-6 small-12 large-6\"  >\n\t\t<div class=\"col-inner\"  >\n\t\t\t\n\t\t\t\n\n<p><center><\/p>\n<p><iframe src=\"https:\/\/www.google.com\/maps\/embed?pb=!1m18!1m12!1m3!1d3733.8603396977664!2d-103.35329678599153!3d20.634548706496815!2m3!1f0!2f0!3f0!3m2!1i1024!2i768!4f13.1!3m3!1m2!1s0x8428b27113835e79%3A0x2d6ec0cef422c39a!2sQuimipol!5e0!3m2!1ses!2smx!4v1673464063869!5m2!1ses!2smx\" width=\"600\" height=\"450\" style=\"border:0;\" allowfullscreen=\"\" loading=\"lazy\" referrerpolicy=\"no-referrer-when-downgrade\"><\/iframe><\/p>\n<p><\/center><\/p>\n\n\t\t<\/div>\n\t\t\t<\/div>\n\n\t\n\n<\/div>\n<div class=\"row\"  id=\"row-712364574\">\n\n\n\t<div id=\"col-1911229650\" class=\"col medium-6 small-12 large-6\"  >\n\t\t<div class=\"col-inner\"  >\n\t\t\t\n\t\t\t\n\n<div class=\"container section-title-container\" ><h3 class=\"section-title section-title-normal\"><b><\/b><span class=\"section-title-main\" >SUCURSAL LEON<\/span><b><\/b><\/h3><\/div>\n\n\n\t\t<\/div>\n\t\t\t<\/div>\n\n\t\n\n\t<div id=\"col-902915013\" class=\"col medium-6 small-12 large-6\"  >\n\t\t<div class=\"col-inner\"  >\n\t\t\t\n\t\t\t\n\n<div class=\"container section-title-container\" ><h3 class=\"section-title section-title-normal\"><b><\/b><span class=\"section-title-main\" >BRANCH MONTERREY<\/span><b><\/b><\/h3><\/div>\n\n\n\t\t<\/div>\n\t\t\t<\/div>\n\n\t\n\n<\/div>\n<div class=\"row\"  id=\"row-916016015\">\n\n\n\t<div id=\"col-662653252\" class=\"col medium-6 small-12 large-6\"  >\n\t\t<div class=\"col-inner\"  >\n\t\t\t\n\t\t\t\n\n<p><center><\/p>\n<p><iframe src=\"https:\/\/www.google.com\/maps\/embed?pb=!1m18!1m12!1m3!1d3722.4947050556884!2d-101.73753958598279!3d21.09283449096573!2m3!1f0!2f0!3f0!3m2!1i1024!2i768!4f13.1!3m3!1m2!1s0x842bc046d4cdf043%3A0x954aa825465f6bb!2sQuimicos%20y%20Polimeros%20Corporation%20S.A.%20de%20C.V.!5e0!3m2!1ses!2smx!4v1673464106877!5m2!1ses!2smx\" width=\"600\" height=\"450\" style=\"border:0;\" allowfullscreen=\"\" loading=\"lazy\" referrerpolicy=\"no-referrer-when-downgrade\"><\/iframe><\/p>\n<p><\/center><\/p>\n\n\t\t<\/div>\n\t\t\t<\/div>\n\n\t\n\n\t<div id=\"col-1469053315\" class=\"col medium-6 small-12 large-6\"  >\n\t\t<div class=\"col-inner\"  >\n\t\t\t\n\t\t\t\n\n<p><center><\/p>\n<p><iframe src=\"https:\/\/www.google.com\/maps\/embed?pb=!1m18!1m12!1m3!1d3591.192041240514!2d-100.24011408587997!3d25.830216512067274!2m3!1f0!2f0!3f0!3m2!1i1024!2i768!4f13.1!3m3!1m2!1s0x8662ed2477d4626f%3A0x7d1093e885d6617a!2sQUIMIPOL%20APODACA!5e0!3m2!1ses!2smx!4v1673477228798!5m2!1ses!2smx\" width=\"600\" height=\"450\" style=\"border:0;\" allowfullscreen=\"\" loading=\"lazy\" referrerpolicy=\"no-referrer-when-downgrade\"><\/iframe><\/p>\n<p><\/center><\/p>\n\n\t\t<\/div>\n\t\t\t<\/div>\n\n\t\n\n<\/div>\n<p>&nbsp;<\/p>","protected":false},"excerpt":{"rendered":"","protected":false},"author":1,"featured_media":17,"parent":0,"menu_order":0,"comment_status":"closed","ping_status":"closed","template":"page-blank.php","meta":{"_monsterinsights_skip_tracking":false,"_monsterinsights_sitenote_active":false,"_monsterinsights_sitenote_note":"","_monsterinsights_sitenote_category":0,"footnotes":""},"class_list":["post-89","page","type-page","status-publish","has-post-thumbnail","hentry"],"yoast_head":"<!-- This site is optimized with the Yoast SEO plugin v27.4 - https:\/\/yoast.com\/product\/yoast-seo-wordpress\/ -->\n<title>Contacto - Qu\u00edmicos y Pol\u00edmeros Corporation S.A. de C.V.\u00ae<\/title>\n<meta name=\"robots\" content=\"index, follow, max-snippet:-1, max-image-preview:large, max-video-preview:-1\" \/>\n<link rel=\"canonical\" href=\"https:\/\/www.quimicosypolimeros.com\/en\/contacto\/\" \/>\n<meta property=\"og:locale\" content=\"en_US\" \/>\n<meta property=\"og:type\" content=\"article\" \/>\n<meta property=\"og:title\" content=\"Contacto - Qu\u00edmicos y Pol\u00edmeros Corporation S.A. de C.V.\u00ae\" \/>\n<meta property=\"og:url\" content=\"https:\/\/www.quimicosypolimeros.com\/en\/contacto\/\" \/>\n<meta property=\"og:site_name\" content=\"Qu\u00edmicos y Pol\u00edmeros Corporation S.A. de C.V.\u00ae\" \/>\n<meta property=\"article:publisher\" content=\"https:\/\/www.facebook.com\/quimicosypolimeros\" \/>\n<meta property=\"article:modified_time\" content=\"2025-04-07T22:01:48+00:00\" \/>\n<meta property=\"og:image\" content=\"https:\/\/www.quimicosypolimeros.com\/wp-content\/uploads\/2016\/08\/dummy-1.jpg\" \/>\n\t<meta property=\"og:image:width\" content=\"400\" \/>\n\t<meta property=\"og:image:height\" content=\"260\" \/>\n\t<meta property=\"og:image:type\" content=\"image\/jpeg\" \/>\n<meta name=\"twitter:card\" content=\"summary_large_image\" \/>\n<meta name=\"twitter:label1\" content=\"Est. reading time\" \/>\n\t<meta name=\"twitter:data1\" content=\"1 minute\" \/>\n<script type=\"application\/ld+json\" class=\"yoast-schema-graph\">{\"@context\":\"https:\\\/\\\/schema.org\",\"@graph\":[{\"@type\":\"WebPage\",\"@id\":\"https:\\\/\\\/www.quimicosypolimeros.com\\\/contacto\\\/\",\"url\":\"https:\\\/\\\/www.quimicosypolimeros.com\\\/contacto\\\/\",\"name\":\"Contacto - Qu\u00edmicos y Pol\u00edmeros Corporation S.A. de C.V.\u00ae\",\"isPartOf\":{\"@id\":\"https:\\\/\\\/www.quimicosypolimeros.com\\\/#website\"},\"primaryImageOfPage\":{\"@id\":\"https:\\\/\\\/www.quimicosypolimeros.com\\\/contacto\\\/#primaryimage\"},\"image\":{\"@id\":\"https:\\\/\\\/www.quimicosypolimeros.com\\\/contacto\\\/#primaryimage\"},\"thumbnailUrl\":\"https:\\\/\\\/www.quimicosypolimeros.com\\\/wp-content\\\/uploads\\\/2016\\\/08\\\/dummy-1.jpg\",\"datePublished\":\"2013-08-11T19:22:53+00:00\",\"dateModified\":\"2025-04-07T22:01:48+00:00\",\"breadcrumb\":{\"@id\":\"https:\\\/\\\/www.quimicosypolimeros.com\\\/contacto\\\/#breadcrumb\"},\"inLanguage\":\"en-US\",\"potentialAction\":[{\"@type\":\"ReadAction\",\"target\":[\"https:\\\/\\\/www.quimicosypolimeros.com\\\/contacto\\\/\"]}]},{\"@type\":\"ImageObject\",\"inLanguage\":\"en-US\",\"@id\":\"https:\\\/\\\/www.quimicosypolimeros.com\\\/contacto\\\/#primaryimage\",\"url\":\"https:\\\/\\\/www.quimicosypolimeros.com\\\/wp-content\\\/uploads\\\/2016\\\/08\\\/dummy-1.jpg\",\"contentUrl\":\"https:\\\/\\\/www.quimicosypolimeros.com\\\/wp-content\\\/uploads\\\/2016\\\/08\\\/dummy-1.jpg\",\"width\":400,\"height\":260},{\"@type\":\"BreadcrumbList\",\"@id\":\"https:\\\/\\\/www.quimicosypolimeros.com\\\/contacto\\\/#breadcrumb\",\"itemListElement\":[{\"@type\":\"ListItem\",\"position\":1,\"name\":\"Inicio\",\"item\":\"https:\\\/\\\/www.quimicosypolimeros.com\\\/\"},{\"@type\":\"ListItem\",\"position\":2,\"name\":\"Contacto\"}]},{\"@type\":\"WebSite\",\"@id\":\"https:\\\/\\\/www.quimicosypolimeros.com\\\/#website\",\"url\":\"https:\\\/\\\/www.quimicosypolimeros.com\\\/\",\"name\":\"Qu\u00edmicos y Pol\u00edmeros Corporation S.A. de C.V.\u00ae\",\"description\":\"\",\"publisher\":{\"@id\":\"https:\\\/\\\/www.quimicosypolimeros.com\\\/#organization\"},\"potentialAction\":[{\"@type\":\"SearchAction\",\"target\":{\"@type\":\"EntryPoint\",\"urlTemplate\":\"https:\\\/\\\/www.quimicosypolimeros.com\\\/?s={search_term_string}\"},\"query-input\":{\"@type\":\"PropertyValueSpecification\",\"valueRequired\":true,\"valueName\":\"search_term_string\"}}],\"inLanguage\":\"en-US\"},{\"@type\":\"Organization\",\"@id\":\"https:\\\/\\\/www.quimicosypolimeros.com\\\/#organization\",\"name\":\"Quimicos y Polimeros\",\"url\":\"https:\\\/\\\/www.quimicosypolimeros.com\\\/\",\"logo\":{\"@type\":\"ImageObject\",\"inLanguage\":\"en-US\",\"@id\":\"https:\\\/\\\/www.quimicosypolimeros.com\\\/#\\\/schema\\\/logo\\\/image\\\/\",\"url\":\"https:\\\/\\\/www.quimicosypolimeros.com\\\/wp-content\\\/uploads\\\/2021\\\/03\\\/cropped-PSULP8001DR07-scaled-1.jpg\",\"contentUrl\":\"https:\\\/\\\/www.quimicosypolimeros.com\\\/wp-content\\\/uploads\\\/2021\\\/03\\\/cropped-PSULP8001DR07-scaled-1.jpg\",\"width\":512,\"height\":512,\"caption\":\"Quimicos y Polimeros\"},\"image\":{\"@id\":\"https:\\\/\\\/www.quimicosypolimeros.com\\\/#\\\/schema\\\/logo\\\/image\\\/\"},\"sameAs\":[\"https:\\\/\\\/www.facebook.com\\\/quimicosypolimeros\",\"https:\\\/\\\/www.instagram.com\\\/quimicosypolimeros\\\/\",\"https:\\\/\\\/www.linkedin.com\\\/company\\\/quimicosypolimeroscorporation\",\"https:\\\/\\\/www.youtube.com\\\/channel\\\/UCYszrBcfRxbZIHbkLuHN_1A\"]}]}<\/script>\n<!-- \/ Yoast SEO plugin. -->","yoast_head_json":{"title":"Contacto - Qu\u00edmicos y Pol\u00edmeros Corporation S.A. de C.V.\u00ae","robots":{"index":"index","follow":"follow","max-snippet":"max-snippet:-1","max-image-preview":"max-image-preview:large","max-video-preview":"max-video-preview:-1"},"canonical":"https:\/\/www.quimicosypolimeros.com\/en\/contacto\/","og_locale":"en_US","og_type":"article","og_title":"Contacto - Qu\u00edmicos y Pol\u00edmeros Corporation S.A. de C.V.\u00ae","og_url":"https:\/\/www.quimicosypolimeros.com\/en\/contacto\/","og_site_name":"Qu\u00edmicos y Pol\u00edmeros Corporation S.A. de C.V.\u00ae","article_publisher":"https:\/\/www.facebook.com\/quimicosypolimeros","article_modified_time":"2025-04-07T22:01:48+00:00","og_image":[{"width":400,"height":260,"url":"https:\/\/www.quimicosypolimeros.com\/wp-content\/uploads\/2016\/08\/dummy-1.jpg","type":"image\/jpeg"}],"twitter_card":"summary_large_image","twitter_misc":{"Est. reading time":"1 minute"},"schema":{"@context":"https:\/\/schema.org","@graph":[{"@type":"WebPage","@id":"https:\/\/www.quimicosypolimeros.com\/contacto\/","url":"https:\/\/www.quimicosypolimeros.com\/contacto\/","name":"Contacto - Qu\u00edmicos y Pol\u00edmeros Corporation S.A. de C.V.\u00ae","isPartOf":{"@id":"https:\/\/www.quimicosypolimeros.com\/#website"},"primaryImageOfPage":{"@id":"https:\/\/www.quimicosypolimeros.com\/contacto\/#primaryimage"},"image":{"@id":"https:\/\/www.quimicosypolimeros.com\/contacto\/#primaryimage"},"thumbnailUrl":"https:\/\/www.quimicosypolimeros.com\/wp-content\/uploads\/2016\/08\/dummy-1.jpg","datePublished":"2013-08-11T19:22:53+00:00","dateModified":"2025-04-07T22:01:48+00:00","breadcrumb":{"@id":"https:\/\/www.quimicosypolimeros.com\/contacto\/#breadcrumb"},"inLanguage":"en-US","potentialAction":[{"@type":"ReadAction","target":["https:\/\/www.quimicosypolimeros.com\/contacto\/"]}]},{"@type":"ImageObject","inLanguage":"en-US","@id":"https:\/\/www.quimicosypolimeros.com\/contacto\/#primaryimage","url":"https:\/\/www.quimicosypolimeros.com\/wp-content\/uploads\/2016\/08\/dummy-1.jpg","contentUrl":"https:\/\/www.quimicosypolimeros.com\/wp-content\/uploads\/2016\/08\/dummy-1.jpg","width":400,"height":260},{"@type":"BreadcrumbList","@id":"https:\/\/www.quimicosypolimeros.com\/contacto\/#breadcrumb","itemListElement":[{"@type":"ListItem","position":1,"name":"Inicio","item":"https:\/\/www.quimicosypolimeros.com\/"},{"@type":"ListItem","position":2,"name":"Contacto"}]},{"@type":"WebSite","@id":"https:\/\/www.quimicosypolimeros.com\/#website","url":"https:\/\/www.quimicosypolimeros.com\/","name":"Qu\u00edmicos y Pol\u00edmeros Corporation S.A. de C.V.\u00ae","description":"","publisher":{"@id":"https:\/\/www.quimicosypolimeros.com\/#organization"},"potentialAction":[{"@type":"SearchAction","target":{"@type":"EntryPoint","urlTemplate":"https:\/\/www.quimicosypolimeros.com\/?s={search_term_string}"},"query-input":{"@type":"PropertyValueSpecification","valueRequired":true,"valueName":"search_term_string"}}],"inLanguage":"en-US"},{"@type":"Organization","@id":"https:\/\/www.quimicosypolimeros.com\/#organization","name":"Quimicos y Polimeros","url":"https:\/\/www.quimicosypolimeros.com\/","logo":{"@type":"ImageObject","inLanguage":"en-US","@id":"https:\/\/www.quimicosypolimeros.com\/#\/schema\/logo\/image\/","url":"https:\/\/www.quimicosypolimeros.com\/wp-content\/uploads\/2021\/03\/cropped-PSULP8001DR07-scaled-1.jpg","contentUrl":"https:\/\/www.quimicosypolimeros.com\/wp-content\/uploads\/2021\/03\/cropped-PSULP8001DR07-scaled-1.jpg","width":512,"height":512,"caption":"Quimicos y Polimeros"},"image":{"@id":"https:\/\/www.quimicosypolimeros.com\/#\/schema\/logo\/image\/"},"sameAs":["https:\/\/www.facebook.com\/quimicosypolimeros","https:\/\/www.instagram.com\/quimicosypolimeros\/","https:\/\/www.linkedin.com\/company\/quimicosypolimeroscorporation","https:\/\/www.youtube.com\/channel\/UCYszrBcfRxbZIHbkLuHN_1A"]}]}},"_links":{"self":[{"href":"https:\/\/www.quimicosypolimeros.com\/en\/wp-json\/wp\/v2\/pages\/89","targetHints":{"allow":["GET"]}}],"collection":[{"href":"https:\/\/www.quimicosypolimeros.com\/en\/wp-json\/wp\/v2\/pages"}],"about":[{"href":"https:\/\/www.quimicosypolimeros.com\/en\/wp-json\/wp\/v2\/types\/page"}],"author":[{"embeddable":true,"href":"https:\/\/www.quimicosypolimeros.com\/en\/wp-json\/wp\/v2\/users\/1"}],"replies":[{"embeddable":true,"href":"https:\/\/www.quimicosypolimeros.com\/en\/wp-json\/wp\/v2\/comments?post=89"}],"version-history":[{"count":38,"href":"https:\/\/www.quimicosypolimeros.com\/en\/wp-json\/wp\/v2\/pages\/89\/revisions"}],"predecessor-version":[{"id":2026,"href":"https:\/\/www.quimicosypolimeros.com\/en\/wp-json\/wp\/v2\/pages\/89\/revisions\/2026"}],"wp:featuredmedia":[{"embeddable":true,"href":"https:\/\/www.quimicosypolimeros.com\/en\/wp-json\/wp\/v2\/media\/17"}],"wp:attachment":[{"href":"https:\/\/www.quimicosypolimeros.com\/en\/wp-json\/wp\/v2\/media?parent=89"}],"curies":[{"name":"wp","href":"https:\/\/api.w.org\/{rel}","templated":true}]}}