{"id":1647,"date":"2022-12-16T18:45:27","date_gmt":"2022-12-16T18:45:27","guid":{"rendered":"https:\/\/www.quimicosypolimeros.com\/?page_id=1647"},"modified":"2023-03-16T18:58:57","modified_gmt":"2023-03-16T18:58:57","slug":"registro-google","status":"publish","type":"page","link":"https:\/\/www.quimicosypolimeros.com\/en\/registro-google\/","title":{"rendered":"Registro Google"},"content":{"rendered":"<div class=\"slider-wrapper relative\" id=\"slider-1245991380\" >\n    <div class=\"slider slider-nav-circle slider-nav-large slider-nav-light slider-style-normal\"\n        data-flickity-options='{            \"cellAlign\": \"center\",            \"imagesLoaded\": true,            \"lazyLoad\": 1,            \"freeScroll\": false,            \"wrapAround\": true,            \"autoPlay\": 6000,            \"pauseAutoPlayOnHover\" : true,            \"prevNextButtons\": true,            \"contain\" : true,            \"adaptiveHeight\" : true,            \"dragThreshold\" : 10,            \"percentPosition\": true,            \"pageDots\": true,            \"rightToLeft\": false,            \"draggable\": true,            \"selectedAttraction\": 0.1,            \"parallax\" : 0,            \"friction\": 0.6        }'\n        >\n        \n\n\n  <div class=\"banner has-hover\" id=\"banner-216059913\">\n          <div class=\"banner-inner fill\">\n        <div class=\"banner-bg fill\" >\n            <div class=\"bg fill bg-fill\"><\/div>\n                        <div class=\"overlay\"><\/div>            \n                    <\/div>\n        <div class=\"banner-layers container\">\n            <div class=\"fill banner-link\"><\/div>            \n\n   <div id=\"text-box-1445568955\" class=\"text-box banner-layer text-box-circle x90 md-x90 lg-x90 y50 md-y50 lg-y50 res-text\">\n                                <div class=\"text-box-content text box-shadow-3 dark\">\n              \n              <div class=\"text-inner text-center\">\n                  \n\n<h3>\u00bfTe interesa comprar a mayoreo?<\/h3>\n<a href=\"#form\" target=\"_self\" class=\"button white is-outline\"  >\n    <span>\u00a1Quiero comprar a mayoreo!<\/span>\n  <\/a>\n\n\n\n              <\/div>\n           <\/div>\n                            \n<style>\n#text-box-1445568955 .text-box-content {\n  background-color: rgba(0, 0, 0, 0.86);\n  font-size: 100%;\n}\n#text-box-1445568955 .text-inner {\n  padding: 30px 30px 30px 30px;\n}\n#text-box-1445568955 {\n  width: 60%;\n}\n@media (min-width:550px) {\n  #text-box-1445568955 {\n    width: 40%;\n  }\n}\n<\/style>\n    <\/div>\n \n\n        <\/div>\n      <\/div>\n\n            \n<style>\n#banner-216059913 {\n  padding-top: 500px;\n}\n#banner-216059913 .bg.bg-loaded {\n  background-image: url(https:\/\/www.quimicosypolimeros.com\/wp-content\/uploads\/2022\/02\/Portada-Web-Quimipol-3_chica.jpg);\n}\n#banner-216059913 .overlay {\n  background-color: rgba(0, 0, 0, 0.2);\n}\n<\/style>\n  <\/div>\n\n\n\n     <\/div>\n\n     <div class=\"loading-spin dark large centered\"><\/div>\n\n     <\/div>\n\n\n\t<section class=\"section\" id=\"section_179049820\">\n\t\t<div class=\"bg section-bg fill bg-fill  bg-loaded\" >\n\n\t\t\t\n\t\t\t<div class=\"section-bg-overlay absolute fill\"><\/div>\n\t\t\t\n\n\t\t<\/div>\n\n\t\t<div class=\"section-content relative\">\n\t\t\t\n\n<div class=\"row row-large align-middle\"  id=\"row-961306460\">\n\n\n\t<div id=\"col-1768116735\" class=\"col medium-6 small-12 large-6\"  >\n\t\t<div class=\"col-inner\"  >\n\t\t\t\n\t\t\t\n\n\t<div class=\"img has-hover x md-x lg-x y md-y lg-y\" id=\"image_473868251\">\n\t\t\t\t\t\t\t\t<div class=\"img-inner dark\" >\n\t\t\t<img fetchpriority=\"high\" decoding=\"async\" width=\"1020\" height=\"574\" src=\"https:\/\/www.quimicosypolimeros.com\/wp-content\/uploads\/2022\/07\/NOSOTROS-202-1400x788.jpg\" class=\"attachment-large size-large\" alt=\"\" srcset=\"https:\/\/www.quimicosypolimeros.com\/wp-content\/uploads\/2022\/07\/NOSOTROS-202-1400x788.jpg 1400w, https:\/\/www.quimicosypolimeros.com\/wp-content\/uploads\/2022\/07\/NOSOTROS-202-711x400.jpg 711w, https:\/\/www.quimicosypolimeros.com\/wp-content\/uploads\/2022\/07\/NOSOTROS-202-768x432.jpg 768w, https:\/\/www.quimicosypolimeros.com\/wp-content\/uploads\/2022\/07\/NOSOTROS-202-1536x864.jpg 1536w, https:\/\/www.quimicosypolimeros.com\/wp-content\/uploads\/2022\/07\/NOSOTROS-202-18x10.jpg 18w, https:\/\/www.quimicosypolimeros.com\/wp-content\/uploads\/2022\/07\/NOSOTROS-202-600x338.jpg 600w, https:\/\/www.quimicosypolimeros.com\/wp-content\/uploads\/2022\/07\/NOSOTROS-202.jpg 2048w\" sizes=\"(max-width: 1020px) 100vw, 1020px\" \/>\t\t\t\t\t\t\n\t\t\t\t\t<\/div>\n\t\t\t\t\t\t\t\t\n<style>\n#image_473868251 {\n  width: 100%;\n}\n<\/style>\n\t<\/div>\n\t\n\n\n\t\t<\/div>\n\t\t\t<\/div>\n\n\t\n\n\t<div id=\"col-1790018811\" class=\"col medium-6 small-12 large-6\"  >\n\t\t<div class=\"col-inner text-left\"  >\n\t\t\t\n\t\t\t\n\n<h2>Qu\u00edmicos y Pol\u00edmeros Corporation S.A de C.V. es una empresa independiente, fundada en el a\u00f1o 2000 <\/h2>\n<p>con m\u00e1s de 20 a\u00f1os de experiencia en el mercado satisfaciendo los requerimientos de la industria..<\/p>\n<a href=\"https:\/\/www.quimicosypolimeros.com\/nosotros\/\" target=\"_self\" class=\"button primary\"  >\n    <span>Saber m\u00e1s<\/span>\n  <\/a>\n\n\n\n\t\t<\/div>\n\t\t\t<\/div>\n\n\t\n\n<\/div>\n\n\t\t<\/div>\n\n\t\t\n<style>\n#section_179049820 {\n  padding-top: 60px;\n  padding-bottom: 60px;\n  background-color: rgb(193, 193, 193);\n}\n#section_179049820 .section-bg-overlay {\n  background-color: rgba(255, 255, 255, 0.85);\n}\n<\/style>\n\t<\/section>\n\t\n\t<div id=\"text-1641228579\" class=\"text\">\n\t\t\n\n<h1>Somos distribuidores oficiales de marcas reconocidas a nivel mundial <h1>\n\t\t\n<style>\n#text-1641228579 {\n  text-align: center;\n}\n<\/style>\n\t<\/div>\n\t\n<div class=\"row\"  id=\"row-1674985456\">\n\n\n\t<div id=\"col-385607167\" class=\"col medium-3 small-6 large-3\"  >\n\t\t<div class=\"col-inner\"  >\n\t\t\t\n\t\t\t\n\n\t<div class=\"img has-hover x md-x lg-x y md-y lg-y\" id=\"image_1233035047\">\n\t\t\t\t\t\t\t\t<div class=\"img-inner dark\" >\n\t\t\t<img decoding=\"async\" width=\"1020\" height=\"193\" src=\"https:\/\/www.quimicosypolimeros.com\/wp-content\/uploads\/2022\/07\/CRYSTAL-LOGO.png\" class=\"attachment-large size-large\" alt=\"\" srcset=\"https:\/\/www.quimicosypolimeros.com\/wp-content\/uploads\/2022\/07\/CRYSTAL-LOGO.png 1212w, https:\/\/www.quimicosypolimeros.com\/wp-content\/uploads\/2022\/07\/CRYSTAL-LOGO-800x151.png 800w, https:\/\/www.quimicosypolimeros.com\/wp-content\/uploads\/2022\/07\/CRYSTAL-LOGO-768x145.png 768w, https:\/\/www.quimicosypolimeros.com\/wp-content\/uploads\/2022\/07\/CRYSTAL-LOGO-18x3.png 18w, https:\/\/www.quimicosypolimeros.com\/wp-content\/uploads\/2022\/07\/CRYSTAL-LOGO-600x113.png 600w\" sizes=\"(max-width: 1020px) 100vw, 1020px\" \/>\t\t\t\t\t\t\n\t\t\t\t\t<\/div>\n\t\t\t\t\t\t\t\t\n<style>\n#image_1233035047 {\n  width: 100%;\n}\n<\/style>\n\t<\/div>\n\t\n\n\n\t\t<\/div>\n\t\t\t<\/div>\n\n\t\n\n\t<div id=\"col-648621103\" class=\"col medium-3 small-6 large-3\"  >\n\t\t<div class=\"col-inner\"  >\n\t\t\t\n\t\t\t\n\n\t<div class=\"img has-hover x md-x lg-x y md-y lg-y\" id=\"image_1886830800\">\n\t\t\t\t\t\t\t\t<div class=\"img-inner dark\" >\n\t\t\t<img decoding=\"async\" width=\"946\" height=\"229\" src=\"https:\/\/www.quimicosypolimeros.com\/wp-content\/uploads\/2022\/07\/DiamondKoteLogo.png\" class=\"attachment-large size-large\" alt=\"\" srcset=\"https:\/\/www.quimicosypolimeros.com\/wp-content\/uploads\/2022\/07\/DiamondKoteLogo.png 946w, https:\/\/www.quimicosypolimeros.com\/wp-content\/uploads\/2022\/07\/DiamondKoteLogo-800x194.png 800w, https:\/\/www.quimicosypolimeros.com\/wp-content\/uploads\/2022\/07\/DiamondKoteLogo-768x186.png 768w, https:\/\/www.quimicosypolimeros.com\/wp-content\/uploads\/2022\/07\/DiamondKoteLogo-18x4.png 18w, https:\/\/www.quimicosypolimeros.com\/wp-content\/uploads\/2022\/07\/DiamondKoteLogo-600x145.png 600w\" sizes=\"(max-width: 946px) 100vw, 946px\" \/>\t\t\t\t\t\t\n\t\t\t\t\t<\/div>\n\t\t\t\t\t\t\t\t\n<style>\n#image_1886830800 {\n  width: 100%;\n}\n<\/style>\n\t<\/div>\n\t\n\n\n\t\t<\/div>\n\t\t\t<\/div>\n\n\t\n\n\t<div id=\"col-109815869\" class=\"col medium-3 small-6 large-3\"  >\n\t\t<div class=\"col-inner\"  >\n\t\t\t\n\t\t\t\n\n\t<div class=\"img has-hover x md-x lg-x y md-y lg-y\" id=\"image_983186150\">\n\t\t\t\t\t\t\t\t<div class=\"img-inner dark\" >\n\t\t\t<img loading=\"lazy\" decoding=\"async\" width=\"196\" height=\"110\" src=\"https:\/\/www.quimicosypolimeros.com\/wp-content\/uploads\/2022\/07\/DUPONT.png\" class=\"attachment-large size-large\" alt=\"\" srcset=\"https:\/\/www.quimicosypolimeros.com\/wp-content\/uploads\/2022\/07\/DUPONT.png 196w, https:\/\/www.quimicosypolimeros.com\/wp-content\/uploads\/2022\/07\/DUPONT-18x10.png 18w\" sizes=\"(max-width: 196px) 100vw, 196px\" \/>\t\t\t\t\t\t\n\t\t\t\t\t<\/div>\n\t\t\t\t\t\t\t\t\n<style>\n#image_983186150 {\n  width: 100%;\n}\n<\/style>\n\t<\/div>\n\t\n\n\n\t\t<\/div>\n\t\t\t<\/div>\n\n\t\n\n\t<div id=\"col-2006800971\" class=\"col medium-3 small-6 large-3\"  >\n\t\t<div class=\"col-inner\"  >\n\t\t\t\n\t\t\t\n\n\t<div class=\"img has-hover x md-x lg-x y md-y lg-y\" id=\"image_1049141084\">\n\t\t\t\t\t\t\t\t<div class=\"img-inner dark\" >\n\t\t\t<img loading=\"lazy\" decoding=\"async\" width=\"500\" height=\"166\" src=\"https:\/\/www.quimicosypolimeros.com\/wp-content\/uploads\/2022\/07\/rheinchemie.png\" class=\"attachment-large size-large\" alt=\"\" srcset=\"https:\/\/www.quimicosypolimeros.com\/wp-content\/uploads\/2022\/07\/rheinchemie.png 500w, https:\/\/www.quimicosypolimeros.com\/wp-content\/uploads\/2022\/07\/rheinchemie-18x6.png 18w\" sizes=\"(max-width: 500px) 100vw, 500px\" \/>\t\t\t\t\t\t\n\t\t\t\t\t<\/div>\n\t\t\t\t\t\t\t\t\n<style>\n#image_1049141084 {\n  width: 100%;\n}\n<\/style>\n\t<\/div>\n\t\n\n\n\t\t<\/div>\n\t\t\t<\/div>\n\n\t\n\n<\/div>\n<div class=\"row\"  id=\"row-72976770\">\n\n\n\t<div id=\"col-1249966972\" class=\"col medium-3 small-6 large-3\"  >\n\t\t<div class=\"col-inner\"  >\n\t\t\t\n\t\t\t\n\n\t<div class=\"img has-hover x md-x lg-x y md-y lg-y\" id=\"image_1428310639\">\n\t\t\t\t\t\t\t\t<div class=\"img-inner dark\" >\n\t\t\t<img loading=\"lazy\" decoding=\"async\" width=\"169\" height=\"119\" src=\"https:\/\/www.quimicosypolimeros.com\/wp-content\/uploads\/2021\/04\/Dynasol_Logo.png\" class=\"attachment-large size-large\" alt=\"\" \/>\t\t\t\t\t\t\n\t\t\t\t\t<\/div>\n\t\t\t\t\t\t\t\t\n<style>\n#image_1428310639 {\n  width: 100%;\n}\n<\/style>\n\t<\/div>\n\t\n\n\n\t\t<\/div>\n\t\t\t<\/div>\n\n\t\n\n\t<div id=\"col-1412020165\" class=\"col medium-3 small-6 large-3\"  >\n\t\t<div class=\"col-inner\"  >\n\t\t\t\n\t\t\t\n\n\t<div class=\"img has-hover x md-x lg-x y md-y lg-y\" id=\"image_869439555\">\n\t\t\t\t\t\t\t\t<div class=\"img-inner dark\" >\n\t\t\t<img loading=\"lazy\" decoding=\"async\" width=\"169\" height=\"119\" src=\"https:\/\/www.quimicosypolimeros.com\/wp-content\/uploads\/2021\/04\/Cabot_logo.png\" class=\"attachment-large size-large\" alt=\"\" \/>\t\t\t\t\t\t\n\t\t\t\t\t<\/div>\n\t\t\t\t\t\t\t\t\n<style>\n#image_869439555 {\n  width: 100%;\n}\n<\/style>\n\t<\/div>\n\t\n\n\n\t\t<\/div>\n\t\t\t<\/div>\n\n\t\n\n\t<div id=\"col-1187018749\" class=\"col medium-3 small-6 large-3\"  >\n\t\t<div class=\"col-inner\"  >\n\t\t\t\n\t\t\t\n\n\t<div class=\"img has-hover x md-x lg-x y md-y lg-y\" id=\"image_898687923\">\n\t\t\t\t\t\t\t\t<div class=\"img-inner dark\" >\n\t\t\t<img loading=\"lazy\" decoding=\"async\" width=\"169\" height=\"119\" src=\"https:\/\/www.quimicosypolimeros.com\/wp-content\/uploads\/2021\/04\/Insa_logo-1.png\" class=\"attachment-large size-large\" alt=\"\" \/>\t\t\t\t\t\t\n\t\t\t\t\t<\/div>\n\t\t\t\t\t\t\t\t\n<style>\n#image_898687923 {\n  width: 100%;\n}\n<\/style>\n\t<\/div>\n\t\n\n\n\t\t<\/div>\n\t\t\t<\/div>\n\n\t\n\n\t<div id=\"col-208656351\" class=\"col medium-3 small-6 large-3\"  >\n\t\t<div class=\"col-inner\"  >\n\t\t\t\n\t\t\t\n\n\t<div class=\"img has-hover x md-x lg-x y md-y lg-y\" id=\"image_1151870363\">\n\t\t\t\t\t\t\t\t<div class=\"img-inner dark\" >\n\t\t\t<img loading=\"lazy\" decoding=\"async\" width=\"169\" height=\"119\" src=\"https:\/\/www.quimicosypolimeros.com\/wp-content\/uploads\/2021\/04\/Solvay_logo.png\" class=\"attachment-large size-large\" alt=\"\" \/>\t\t\t\t\t\t\n\t\t\t\t\t<\/div>\n\t\t\t\t\t\t\t\t\n<style>\n#image_1151870363 {\n  width: 100%;\n}\n<\/style>\n\t<\/div>\n\t\n\n\n\t\t<\/div>\n\t\t\t<\/div>\n\n\t\n\n<\/div>\n\t<section class=\"section\" id=\"section_1425330294\">\n\t\t<div class=\"bg section-bg fill bg-fill  bg-loaded\" >\n\n\t\t\t\n\t\t\t\n\t\t\t\n\n\t\t<\/div>\n\n\t\t<div class=\"section-content relative\">\n\t\t\t\n\n<p><script charset=\"utf-8\" type=\"text\/javascript\" src=\"\/\/js.hsforms.net\/forms\/v2.js\"><\/script><br \/>\n<script>hbspt.forms.create({region: \"na1\",portalId: \"22252358\",formId: \"1112eeef-66dc-437b-a641-1311ce954be6\"});\n<\/script><\/p>\n\n\t\t<\/div>\n\n\t\t\n<style>\n#section_1425330294 {\n  padding-top: 30px;\n  padding-bottom: 30px;\n}\n<\/style>\n\t<\/section>","protected":false},"excerpt":{"rendered":"","protected":false},"author":1,"featured_media":0,"parent":0,"menu_order":0,"comment_status":"closed","ping_status":"closed","template":"","meta":{"_monsterinsights_skip_tracking":false,"_monsterinsights_sitenote_active":false,"_monsterinsights_sitenote_note":"","_monsterinsights_sitenote_category":0,"footnotes":""},"class_list":["post-1647","page","type-page","status-publish","hentry"],"yoast_head":"<!-- This site is optimized with the Yoast SEO plugin v27.3 - https:\/\/yoast.com\/product\/yoast-seo-wordpress\/ -->\n<title>Registro Google - Qu\u00edmicos y Pol\u00edmeros Corporation S.A. de C.V.\u00ae<\/title>\n<meta name=\"robots\" content=\"index, follow, max-snippet:-1, max-image-preview:large, max-video-preview:-1\" \/>\n<link rel=\"canonical\" href=\"https:\/\/www.quimicosypolimeros.com\/en\/registro-google\/\" \/>\n<meta property=\"og:locale\" content=\"en_US\" \/>\n<meta property=\"og:type\" content=\"article\" \/>\n<meta property=\"og:title\" content=\"Registro Google - Qu\u00edmicos y Pol\u00edmeros Corporation S.A. de C.V.\u00ae\" \/>\n<meta property=\"og:url\" content=\"https:\/\/www.quimicosypolimeros.com\/en\/registro-google\/\" \/>\n<meta property=\"og:site_name\" content=\"Qu\u00edmicos y Pol\u00edmeros Corporation S.A. de C.V.\u00ae\" \/>\n<meta property=\"article:publisher\" content=\"https:\/\/www.facebook.com\/quimicosypolimeros\" \/>\n<meta property=\"article:modified_time\" content=\"2023-03-16T18:58:57+00:00\" \/>\n<meta name=\"twitter:card\" content=\"summary_large_image\" \/>\n<meta name=\"twitter:label1\" content=\"Est. reading time\" \/>\n\t<meta name=\"twitter:data1\" content=\"1 minute\" \/>\n<script type=\"application\/ld+json\" class=\"yoast-schema-graph\">{\"@context\":\"https:\\\/\\\/schema.org\",\"@graph\":[{\"@type\":\"WebPage\",\"@id\":\"https:\\\/\\\/www.quimicosypolimeros.com\\\/registro-google\\\/\",\"url\":\"https:\\\/\\\/www.quimicosypolimeros.com\\\/registro-google\\\/\",\"name\":\"Registro Google - Qu\u00edmicos y Pol\u00edmeros Corporation S.A. de C.V.\u00ae\",\"isPartOf\":{\"@id\":\"https:\\\/\\\/www.quimicosypolimeros.com\\\/#website\"},\"datePublished\":\"2022-12-16T18:45:27+00:00\",\"dateModified\":\"2023-03-16T18:58:57+00:00\",\"breadcrumb\":{\"@id\":\"https:\\\/\\\/www.quimicosypolimeros.com\\\/registro-google\\\/#breadcrumb\"},\"inLanguage\":\"en-US\",\"potentialAction\":[{\"@type\":\"ReadAction\",\"target\":[\"https:\\\/\\\/www.quimicosypolimeros.com\\\/registro-google\\\/\"]}]},{\"@type\":\"BreadcrumbList\",\"@id\":\"https:\\\/\\\/www.quimicosypolimeros.com\\\/registro-google\\\/#breadcrumb\",\"itemListElement\":[{\"@type\":\"ListItem\",\"position\":1,\"name\":\"Inicio\",\"item\":\"https:\\\/\\\/www.quimicosypolimeros.com\\\/\"},{\"@type\":\"ListItem\",\"position\":2,\"name\":\"Registro Google\"}]},{\"@type\":\"WebSite\",\"@id\":\"https:\\\/\\\/www.quimicosypolimeros.com\\\/#website\",\"url\":\"https:\\\/\\\/www.quimicosypolimeros.com\\\/\",\"name\":\"Qu\u00edmicos y Pol\u00edmeros Corporation S.A. de C.V.\u00ae\",\"description\":\"\",\"publisher\":{\"@id\":\"https:\\\/\\\/www.quimicosypolimeros.com\\\/#organization\"},\"potentialAction\":[{\"@type\":\"SearchAction\",\"target\":{\"@type\":\"EntryPoint\",\"urlTemplate\":\"https:\\\/\\\/www.quimicosypolimeros.com\\\/?s={search_term_string}\"},\"query-input\":{\"@type\":\"PropertyValueSpecification\",\"valueRequired\":true,\"valueName\":\"search_term_string\"}}],\"inLanguage\":\"en-US\"},{\"@type\":\"Organization\",\"@id\":\"https:\\\/\\\/www.quimicosypolimeros.com\\\/#organization\",\"name\":\"Quimicos y Polimeros\",\"url\":\"https:\\\/\\\/www.quimicosypolimeros.com\\\/\",\"logo\":{\"@type\":\"ImageObject\",\"inLanguage\":\"en-US\",\"@id\":\"https:\\\/\\\/www.quimicosypolimeros.com\\\/#\\\/schema\\\/logo\\\/image\\\/\",\"url\":\"https:\\\/\\\/www.quimicosypolimeros.com\\\/wp-content\\\/uploads\\\/2021\\\/03\\\/cropped-PSULP8001DR07-scaled-1.jpg\",\"contentUrl\":\"https:\\\/\\\/www.quimicosypolimeros.com\\\/wp-content\\\/uploads\\\/2021\\\/03\\\/cropped-PSULP8001DR07-scaled-1.jpg\",\"width\":512,\"height\":512,\"caption\":\"Quimicos y Polimeros\"},\"image\":{\"@id\":\"https:\\\/\\\/www.quimicosypolimeros.com\\\/#\\\/schema\\\/logo\\\/image\\\/\"},\"sameAs\":[\"https:\\\/\\\/www.facebook.com\\\/quimicosypolimeros\",\"https:\\\/\\\/www.instagram.com\\\/quimicosypolimeros\\\/\",\"https:\\\/\\\/www.linkedin.com\\\/company\\\/quimicosypolimeroscorporation\",\"https:\\\/\\\/www.youtube.com\\\/channel\\\/UCYszrBcfRxbZIHbkLuHN_1A\"]}]}<\/script>\n<!-- \/ Yoast SEO plugin. -->","yoast_head_json":{"title":"Registro Google - Qu\u00edmicos y Pol\u00edmeros Corporation S.A. de C.V.\u00ae","robots":{"index":"index","follow":"follow","max-snippet":"max-snippet:-1","max-image-preview":"max-image-preview:large","max-video-preview":"max-video-preview:-1"},"canonical":"https:\/\/www.quimicosypolimeros.com\/en\/registro-google\/","og_locale":"en_US","og_type":"article","og_title":"Registro Google - Qu\u00edmicos y Pol\u00edmeros Corporation S.A. de C.V.\u00ae","og_url":"https:\/\/www.quimicosypolimeros.com\/en\/registro-google\/","og_site_name":"Qu\u00edmicos y Pol\u00edmeros Corporation S.A. de C.V.\u00ae","article_publisher":"https:\/\/www.facebook.com\/quimicosypolimeros","article_modified_time":"2023-03-16T18:58:57+00:00","twitter_card":"summary_large_image","twitter_misc":{"Est. reading time":"1 minute"},"schema":{"@context":"https:\/\/schema.org","@graph":[{"@type":"WebPage","@id":"https:\/\/www.quimicosypolimeros.com\/registro-google\/","url":"https:\/\/www.quimicosypolimeros.com\/registro-google\/","name":"Registro Google - Qu\u00edmicos y Pol\u00edmeros Corporation S.A. de C.V.\u00ae","isPartOf":{"@id":"https:\/\/www.quimicosypolimeros.com\/#website"},"datePublished":"2022-12-16T18:45:27+00:00","dateModified":"2023-03-16T18:58:57+00:00","breadcrumb":{"@id":"https:\/\/www.quimicosypolimeros.com\/registro-google\/#breadcrumb"},"inLanguage":"en-US","potentialAction":[{"@type":"ReadAction","target":["https:\/\/www.quimicosypolimeros.com\/registro-google\/"]}]},{"@type":"BreadcrumbList","@id":"https:\/\/www.quimicosypolimeros.com\/registro-google\/#breadcrumb","itemListElement":[{"@type":"ListItem","position":1,"name":"Inicio","item":"https:\/\/www.quimicosypolimeros.com\/"},{"@type":"ListItem","position":2,"name":"Registro Google"}]},{"@type":"WebSite","@id":"https:\/\/www.quimicosypolimeros.com\/#website","url":"https:\/\/www.quimicosypolimeros.com\/","name":"Qu\u00edmicos y Pol\u00edmeros Corporation S.A. de C.V.\u00ae","description":"","publisher":{"@id":"https:\/\/www.quimicosypolimeros.com\/#organization"},"potentialAction":[{"@type":"SearchAction","target":{"@type":"EntryPoint","urlTemplate":"https:\/\/www.quimicosypolimeros.com\/?s={search_term_string}"},"query-input":{"@type":"PropertyValueSpecification","valueRequired":true,"valueName":"search_term_string"}}],"inLanguage":"en-US"},{"@type":"Organization","@id":"https:\/\/www.quimicosypolimeros.com\/#organization","name":"Quimicos y Polimeros","url":"https:\/\/www.quimicosypolimeros.com\/","logo":{"@type":"ImageObject","inLanguage":"en-US","@id":"https:\/\/www.quimicosypolimeros.com\/#\/schema\/logo\/image\/","url":"https:\/\/www.quimicosypolimeros.com\/wp-content\/uploads\/2021\/03\/cropped-PSULP8001DR07-scaled-1.jpg","contentUrl":"https:\/\/www.quimicosypolimeros.com\/wp-content\/uploads\/2021\/03\/cropped-PSULP8001DR07-scaled-1.jpg","width":512,"height":512,"caption":"Quimicos y Polimeros"},"image":{"@id":"https:\/\/www.quimicosypolimeros.com\/#\/schema\/logo\/image\/"},"sameAs":["https:\/\/www.facebook.com\/quimicosypolimeros","https:\/\/www.instagram.com\/quimicosypolimeros\/","https:\/\/www.linkedin.com\/company\/quimicosypolimeroscorporation","https:\/\/www.youtube.com\/channel\/UCYszrBcfRxbZIHbkLuHN_1A"]}]}},"_links":{"self":[{"href":"https:\/\/www.quimicosypolimeros.com\/en\/wp-json\/wp\/v2\/pages\/1647","targetHints":{"allow":["GET"]}}],"collection":[{"href":"https:\/\/www.quimicosypolimeros.com\/en\/wp-json\/wp\/v2\/pages"}],"about":[{"href":"https:\/\/www.quimicosypolimeros.com\/en\/wp-json\/wp\/v2\/types\/page"}],"author":[{"embeddable":true,"href":"https:\/\/www.quimicosypolimeros.com\/en\/wp-json\/wp\/v2\/users\/1"}],"replies":[{"embeddable":true,"href":"https:\/\/www.quimicosypolimeros.com\/en\/wp-json\/wp\/v2\/comments?post=1647"}],"version-history":[{"count":41,"href":"https:\/\/www.quimicosypolimeros.com\/en\/wp-json\/wp\/v2\/pages\/1647\/revisions"}],"predecessor-version":[{"id":1743,"href":"https:\/\/www.quimicosypolimeros.com\/en\/wp-json\/wp\/v2\/pages\/1647\/revisions\/1743"}],"wp:attachment":[{"href":"https:\/\/www.quimicosypolimeros.com\/en\/wp-json\/wp\/v2\/media?parent=1647"}],"curies":[{"name":"wp","href":"https:\/\/api.w.org\/{rel}","templated":true}]}}